{"id":114,"date":"2020-03-15T19:12:02","date_gmt":"2020-03-15T18:12:02","guid":{"rendered":"http:\/\/thorstenberndt.de\/wordpress\/?page_id=114"},"modified":"2020-10-14T14:05:01","modified_gmt":"2020-10-14T12:05:01","slug":"25-10-2020","status":"publish","type":"page","link":"https:\/\/thorstenberndt.de\/wordpress\/25-10-2020\/","title":{"rendered":"25.10.2020"},"content":{"rendered":"\n<p><strong>Am 25. Oktober 2020 ist der Tag der Wahl. <\/strong><\/p>\n\n\n\n<figure class=\"wp-block-image size-large\"><img loading=\"lazy\" width=\"800\" height=\"930\" src=\"http:\/\/thorstenberndt.de\/wordpress\/wp-content\/uploads\/2020\/10\/20200921-Gruene-Thorsten-Berndt-Buergermeisterwahl-2020-stimmzettel-01-800x930.jpg\" alt=\"\" class=\"wp-image-676\" srcset=\"https:\/\/thorstenberndt.de\/wordpress\/wp-content\/uploads\/2020\/10\/20200921-Gruene-Thorsten-Berndt-Buergermeisterwahl-2020-stimmzettel-01-800x930.jpg 800w, https:\/\/thorstenberndt.de\/wordpress\/wp-content\/uploads\/2020\/10\/20200921-Gruene-Thorsten-Berndt-Buergermeisterwahl-2020-stimmzettel-01-400x465.jpg 400w, https:\/\/thorstenberndt.de\/wordpress\/wp-content\/uploads\/2020\/10\/20200921-Gruene-Thorsten-Berndt-Buergermeisterwahl-2020-stimmzettel-01-768x893.jpg 768w, https:\/\/thorstenberndt.de\/wordpress\/wp-content\/uploads\/2020\/10\/20200921-Gruene-Thorsten-Berndt-Buergermeisterwahl-2020-stimmzettel-01.jpg 1196w\" sizes=\"(max-width: 800px) 100vw, 800px\" \/><figcaption>Jetzt Briefwahl machen und das Kreuz bei der Nummer 1 machen: Thorsten Berndt.<\/figcaption><\/figure>\n\n\n\n<p>Sie k\u00f6nnen per Briefwahl schon vorab w\u00e4hlen oder am 25.10. von 8:00 bis 18:00 Uhr im Wahllokal abstimmen. Erh\u00e4lt Niemand mehr als 50 % der abgegebenen Stimmen, gibt es eine Stichwahl am 22.11.2020 zwischen den beiden Bewerber*innen mit den meisten Stimmen.<\/p>\n\n\n\n<figure class=\"wp-block-image size-large\"><img loading=\"lazy\" width=\"800\" height=\"420\" src=\"http:\/\/thorstenberndt.de\/wordpress\/wp-content\/uploads\/2020\/09\/20200918-Gruene-Thorsten-Berndt-facebook-sharepic-1200x630-briefwahl-800x420.jpg\" alt=\"\" class=\"wp-image-625\" srcset=\"https:\/\/thorstenberndt.de\/wordpress\/wp-content\/uploads\/2020\/09\/20200918-Gruene-Thorsten-Berndt-facebook-sharepic-1200x630-briefwahl-800x420.jpg 800w, https:\/\/thorstenberndt.de\/wordpress\/wp-content\/uploads\/2020\/09\/20200918-Gruene-Thorsten-Berndt-facebook-sharepic-1200x630-briefwahl-400x210.jpg 400w, https:\/\/thorstenberndt.de\/wordpress\/wp-content\/uploads\/2020\/09\/20200918-Gruene-Thorsten-Berndt-facebook-sharepic-1200x630-briefwahl-768x403.jpg 768w, https:\/\/thorstenberndt.de\/wordpress\/wp-content\/uploads\/2020\/09\/20200918-Gruene-Thorsten-Berndt-facebook-sharepic-1200x630-briefwahl.jpg 1200w\" sizes=\"(max-width: 800px) 100vw, 800px\" \/><figcaption>Die Wahlunterlagen sind versendet. In Zeiten der Corona-Pandemie ist die Briefwahl eine gute Alternative! Die Nr. 1 w\u00e4hlen, Thorsten Berndt!<\/figcaption><\/figure>\n\n\n\n<p><\/p>\n","protected":false},"excerpt":{"rendered":"<p>Am 25. Oktober 2020 ist der Tag der Wahl. Sie k\u00f6nnen per Briefwahl schon vorab w\u00e4hlen oder am 25.10. von 8:00 bis 18:00 Uhr im Wahllokal abstimmen. Erh\u00e4lt Niemand mehr als 50 % der abgegebenen Stimmen, gibt es eine Stichwahl am 22.11.2020 zwischen den beiden Bewerber*innen mit den meisten Stimmen.<\/p>\n","protected":false},"author":2,"featured_media":0,"parent":0,"menu_order":0,"comment_status":"closed","ping_status":"closed","template":"","meta":[],"_links":{"self":[{"href":"https:\/\/thorstenberndt.de\/wordpress\/wp-json\/wp\/v2\/pages\/114"}],"collection":[{"href":"https:\/\/thorstenberndt.de\/wordpress\/wp-json\/wp\/v2\/pages"}],"about":[{"href":"https:\/\/thorstenberndt.de\/wordpress\/wp-json\/wp\/v2\/types\/page"}],"author":[{"embeddable":true,"href":"https:\/\/thorstenberndt.de\/wordpress\/wp-json\/wp\/v2\/users\/2"}],"replies":[{"embeddable":true,"href":"https:\/\/thorstenberndt.de\/wordpress\/wp-json\/wp\/v2\/comments?post=114"}],"version-history":[{"count":19,"href":"https:\/\/thorstenberndt.de\/wordpress\/wp-json\/wp\/v2\/pages\/114\/revisions"}],"predecessor-version":[{"id":678,"href":"https:\/\/thorstenberndt.de\/wordpress\/wp-json\/wp\/v2\/pages\/114\/revisions\/678"}],"wp:attachment":[{"href":"https:\/\/thorstenberndt.de\/wordpress\/wp-json\/wp\/v2\/media?parent=114"}],"curies":[{"name":"wp","href":"https:\/\/api.w.org\/{rel}","templated":true}]}}