{"id":127,"date":"2020-04-24T08:39:44","date_gmt":"2020-04-24T06:39:44","guid":{"rendered":"http:\/\/thorstenberndt.de\/wordpress\/?page_id=127"},"modified":"2020-07-04T10:14:39","modified_gmt":"2020-07-04T08:14:39","slug":"kandidatur","status":"publish","type":"page","link":"https:\/\/thorstenberndt.de\/wordpress\/kandidatur\/","title":{"rendered":"Kandidatur"},"content":{"rendered":"\n<p><strong>Bei der B\u00fcrgermeisterwahl am 25.10.2020 in Uetersen trete ich als Gr\u00fcner Kandidat an. <\/strong><\/p>\n\n\n\n<p>Ich bin seit mehr 30 Jahren in der Politik aktiv und kenne die Stadt Uetersen und ihre Probleme. Mit meiner <strong>Erfahrung<\/strong> und <strong>Kompetenz<\/strong> will ich die Zukunft der Stadt gestalten, mit den B\u00fcrger*innen, der Ratsversammlung und der Verwaltung.\u00a0<\/p>\n\n\n\n<p class=\"has-text-align-left\">\u201eIch will diese Stadt mit den Menschen, die hier leben und arbeiten, im Dialog f\u00fcr die Zukunftsaufgaben auf einen guten Weg bringen: Gute lebenslange <strong>Bildung<\/strong> f\u00fcr Alle, eine moderne vielf\u00e4ltige <strong>Gesellschaft<\/strong> und eine <strong>klimaneutrale<\/strong> <strong>Stadt<\/strong> sind meine Kernziele, mit denen ich Uetersen zukunftsf\u00e4hig machen will. Ich habe Lust auf <strong>Uetersen<\/strong> und auf Zukunft!\u201c<\/p>\n\n\n\n<div class=\"wp-block-image\"><figure class=\"alignleft is-resized\"><img loading=\"lazy\" src=\"http:\/\/thorstenberndt.de\/wordpress\/wp-content\/uploads\/2020\/05\/tornesch-1-800x728.jpg\" alt=\"\" class=\"wp-image-204\" width=\"346\" height=\"314\" srcset=\"https:\/\/thorstenberndt.de\/wordpress\/wp-content\/uploads\/2020\/05\/tornesch-1-800x728.jpg 800w, https:\/\/thorstenberndt.de\/wordpress\/wp-content\/uploads\/2020\/05\/tornesch-1-400x364.jpg 400w, https:\/\/thorstenberndt.de\/wordpress\/wp-content\/uploads\/2020\/05\/tornesch-1-768x699.jpg 768w, https:\/\/thorstenberndt.de\/wordpress\/wp-content\/uploads\/2020\/05\/tornesch-1-1536x1398.jpg 1536w, https:\/\/thorstenberndt.de\/wordpress\/wp-content\/uploads\/2020\/05\/tornesch-1-150x137.jpg 150w, https:\/\/thorstenberndt.de\/wordpress\/wp-content\/uploads\/2020\/05\/tornesch-1.jpg 1729w\" sizes=\"(max-width: 346px) 100vw, 346px\" \/><figcaption>Beim Kulturempfang 2020 der GR\u00dcNEN Tornesch<\/figcaption><\/figure><\/div>\n\n\n\n<p><strong>Ausz\u00fcge aus der Bewerbung:<\/strong><\/p>\n\n\n\n<p>Uetersen ist die Stadt, in der ich seit meiner Kindheit lebe, die ich liebe. Uetersen ist meine Heimat. Mit <strong>Uetersen<\/strong> verbinde ich nicht nur meine Jugend und meine Schulzeit. Seit den achtziger Jahren bin ich in Uetersen politisch aktiv. Volksz\u00e4hlungsboykott, Anti-Atomkraft-Bewegung und gr\u00fcne Politik, beginnend mit der <strong>GAL-Uetersen<\/strong> (Gr\u00fcn-Alternative-Liste), haben mein politisches Engagement bis heute gepr\u00e4gt. Ich habe die Demonstration nach dem Anschlag von M\u00f6lln 1992 und die Menschenkette gegen Atomkraft 2010 federf\u00fchrend organisiert. <\/p>\n\n\n\n<p>Aber auch als Photograph und K\u00fcnstler habe ich mich immer wieder mit meiner <strong>Heimatstadt Uetersen<\/strong> auseinandergesetzt. Nachtaufnahmen, Arbeitswelten bei der Stora-Enso (heute wieder Feldm\u00fchle) und die Parkpalette sind dabei Themen gewesen.\u00a0<\/p>\n\n\n\n<figure class=\"wp-block-image size-large is-resized\"><img loading=\"lazy\" src=\"http:\/\/thorstenberndt.de\/wordpress\/wp-content\/uploads\/2020\/06\/segeln-800x538.jpg\" alt=\"\" class=\"wp-image-267\" width=\"444\" height=\"299\" srcset=\"https:\/\/thorstenberndt.de\/wordpress\/wp-content\/uploads\/2020\/06\/segeln-800x538.jpg 800w, https:\/\/thorstenberndt.de\/wordpress\/wp-content\/uploads\/2020\/06\/segeln-400x269.jpg 400w, https:\/\/thorstenberndt.de\/wordpress\/wp-content\/uploads\/2020\/06\/segeln-768x517.jpg 768w, https:\/\/thorstenberndt.de\/wordpress\/wp-content\/uploads\/2020\/06\/segeln-1536x1033.jpg 1536w, https:\/\/thorstenberndt.de\/wordpress\/wp-content\/uploads\/2020\/06\/segeln-2048x1378.jpg 2048w, https:\/\/thorstenberndt.de\/wordpress\/wp-content\/uploads\/2020\/06\/segeln-150x101.jpg 150w\" sizes=\"(max-width: 444px) 100vw, 444px\" \/><figcaption>Als Segler habe ich auch bei rauher See immer einen klaren Kurs!<\/figcaption><\/figure>\n\n\n\n<p><\/p>\n\n\n\n<p>Jeder Mensch ist politisch. Das gilt im Besonderen auch f\u00fcr mich. Seit der Schulzeit habe ich mich aktiv f\u00fcr die Schaffung einer gerechten, freien und friedfertigen Gesellschaft eingesetzt. Ich bin mehr als 20 Jahre im Pinneberger Kreistag und in der Ratsversammlung Uetersen aktiv gewesen. In dieser Zeit habe ich mich in viele Themenfelder eingearbeitet: von Finanzen \u00fcber Wirtschaft und Verkehr, Jugendhilfe, Sozialpolitik bis hin zu den Themen <strong>Planen, Bauen und Umwelt.<\/strong> Parallel war ich auch immer in der Partei B\u00dcNDNIS 90\/DIE GR\u00dcNEN aktiv: als Kreisgesch\u00e4ftsf\u00fchrer im Kreisverband Pinneberg, als Mitglied der Antragskommission und im Pr\u00e4sidium f\u00fcr die Landesdelegiertenkonferenzen in Schleswig-Holstein. <\/p>\n\n\n\n<p>Seit acht Jahren bin ich bei der gr\u00fcnen Landtagsfraktion in Kiel angestellt und begleite die gr\u00fcne Fraktionsvorsitzende Eka von Kalben bei ihrer Arbeit. Hier habe ich auf Landesebene schon in der K\u00fcstenkoalition (SPD, GR\u00dcNE, SSW) gearbeitet. In der aktuellen Jamaika-Koalition (CDU, GR\u00dcNE, FDP) gilt es, in Zusammenarbeit mit den anderen Parteien <strong>gr\u00fcne politische Grunds\u00e4tze<\/strong> zu vertreten und trotz aller Unterschiedlichkeit zu bestm\u00f6glichen Ergebnissen f\u00fcr das Land Schleswig-Holstein und seine B\u00fcrger*innen zu kommen. Dies sind Erfahrungen, die ich als <strong>B\u00fcrgermeister<\/strong> in der Zusammenarbeit mit den anderen Parteien, der Verwaltung und den B\u00fcrger*innen nutzen werde.\u00a0<\/p>\n\n\n\n<figure class=\"wp-block-image size-large is-resized\"><img loading=\"lazy\" src=\"http:\/\/thorstenberndt.de\/wordpress\/wp-content\/uploads\/2020\/05\/IMG-6266-800x473.jpg\" alt=\"\" class=\"wp-image-235\" width=\"406\" height=\"239\" srcset=\"https:\/\/thorstenberndt.de\/wordpress\/wp-content\/uploads\/2020\/05\/IMG-6266-800x473.jpg 800w, https:\/\/thorstenberndt.de\/wordpress\/wp-content\/uploads\/2020\/05\/IMG-6266-400x236.jpg 400w, https:\/\/thorstenberndt.de\/wordpress\/wp-content\/uploads\/2020\/05\/IMG-6266-768x454.jpg 768w, https:\/\/thorstenberndt.de\/wordpress\/wp-content\/uploads\/2020\/05\/IMG-6266-150x89.jpg 150w, https:\/\/thorstenberndt.de\/wordpress\/wp-content\/uploads\/2020\/05\/IMG-6266.jpg 960w\" sizes=\"(max-width: 406px) 100vw, 406px\" \/><figcaption>2015 habe ich der jetzigen B\u00fcrgermeisterin Andrea Hansen als Fraktionsvorsitzender zu ihrer erfolgreichen Wiederwahl gratuliert. <\/figcaption><\/figure>\n\n\n\n<p>F\u00fcr mich steht das Gute in jedem Menschen, egal welcher sozialer, kultureller, religi\u00f6ser oder politischer Herkunft, immer im Vordergrund. Menschen kennenzulernen, mit ihnen in einen <strong>Dialog<\/strong> zu treten und ihnen positiv und zugewandt zu begegnen, ist das <strong>Leitbild<\/strong> meines Handelns. Besonders bei meiner T\u00e4tigkeit als Jugendsch\u00f6ffe und in meinem Kunstprojekt mit Wohnungslosen habe ich pers\u00f6nlich erfahren, dass eine positive Ausstrahlung und Kommunikation Br\u00fccken baut. Dabei habe ich auch schnell bemerkt: Ich bin ein <strong>Br\u00fcckenbauer.<\/strong><\/p>\n\n\n\n<div class=\"wp-block-image\"><figure class=\"alignleft size-large is-resized\"><img loading=\"lazy\" src=\"http:\/\/thorstenberndt.de\/wordpress\/wp-content\/uploads\/2020\/05\/IMG_4374-800x600.jpg\" alt=\"\" class=\"wp-image-215\" width=\"340\" height=\"255\" srcset=\"https:\/\/thorstenberndt.de\/wordpress\/wp-content\/uploads\/2020\/05\/IMG_4374-800x600.jpg 800w, https:\/\/thorstenberndt.de\/wordpress\/wp-content\/uploads\/2020\/05\/IMG_4374-400x300.jpg 400w, https:\/\/thorstenberndt.de\/wordpress\/wp-content\/uploads\/2020\/05\/IMG_4374-768x576.jpg 768w, https:\/\/thorstenberndt.de\/wordpress\/wp-content\/uploads\/2020\/05\/IMG_4374-1536x1152.jpg 1536w, https:\/\/thorstenberndt.de\/wordpress\/wp-content\/uploads\/2020\/05\/IMG_4374-2048x1536.jpg 2048w, https:\/\/thorstenberndt.de\/wordpress\/wp-content\/uploads\/2020\/05\/IMG_4374-150x113.jpg 150w\" sizes=\"(max-width: 340px) 100vw, 340px\" \/><figcaption>Die Bahnanbindung von Uetersen nach Hamburg ist der wichtigste Baustein f\u00fcr die Mobilit\u00e4tswende<\/figcaption><\/figure><\/div>\n\n\n\n<p>Uetersen ist eine gr\u00fcne und lebenswerte Stadt. Aber Uetersen steht vor gro\u00dfen Herausforderungen: Der <strong>Klimawandel<\/strong>, die immer gr\u00f6\u00dfer werdende soziale Ungerechtigkeit in unserer Gesellschaft und die Digitalisierung werden unsere Zukunft pr\u00e4gen. Im Bereich <strong>Verkehr<\/strong> m\u00fcssen wir in Uetersen umsteuern. Attraktiverer \u00f6ffentlicher Personennahverkehr und ein besseres Angebot in Bereich Radverkehr sind erste Schritte. Langfristig muss <strong>Uetersen<\/strong> direkt an die Innenstadt der Metropole Hamburg angebunden werden. <\/p>\n\n\n\n<p>Wir brauchen eine verst\u00e4rkte F\u00f6rderung bei der Schaffung von bezahlbarem <strong>Wohnraum<\/strong> in Uetersen. Uetersen sollte zuk\u00fcnftig, entweder gemeinsam mit der gemeinn\u00fctzigen Wohnungsbaugesellschaft Pinnau eG oder auch selbst weiteren bezahlbaren Wohnraum schaffen. <\/p>\n\n\n\n<p>Die Schulen und Kindertagesst\u00e4tten sind der Grundstein f\u00fcr die Zukunft Uetersens. Hier m\u00fcssen die Schwerpunkte der Investitionen der Stadt liegen. Die Umsetzung des \u201eDigitalpakts Schule\u201c und der KiTa-Reform des Landes Schleswig-Holstein sind wichtig f\u00fcr ein <strong>zukunftsorientiertes Bildungsangebot <\/strong>in Uetersen.<\/p>\n\n\n\n<figure class=\"wp-block-image size-large is-resized\"><img loading=\"lazy\" src=\"http:\/\/thorstenberndt.de\/wordpress\/wp-content\/uploads\/2020\/05\/IMG_E3772-800x719.jpg\" alt=\"\" class=\"wp-image-224\" width=\"352\" height=\"316\" srcset=\"https:\/\/thorstenberndt.de\/wordpress\/wp-content\/uploads\/2020\/05\/IMG_E3772-800x719.jpg 800w, https:\/\/thorstenberndt.de\/wordpress\/wp-content\/uploads\/2020\/05\/IMG_E3772-400x359.jpg 400w, https:\/\/thorstenberndt.de\/wordpress\/wp-content\/uploads\/2020\/05\/IMG_E3772-768x690.jpg 768w, https:\/\/thorstenberndt.de\/wordpress\/wp-content\/uploads\/2020\/05\/IMG_E3772-1536x1380.jpg 1536w, https:\/\/thorstenberndt.de\/wordpress\/wp-content\/uploads\/2020\/05\/IMG_E3772-2048x1839.jpg 2048w, https:\/\/thorstenberndt.de\/wordpress\/wp-content\/uploads\/2020\/05\/IMG_E3772-150x135.jpg 150w\" sizes=\"(max-width: 352px) 100vw, 352px\" \/><figcaption>Als k\u00fcnstlerischer Photograph bin ich weit \u00fcber die Grenzen von Schleswig-Holstein bekannt.<\/figcaption><\/figure>\n\n\n\n<p><\/p>\n","protected":false},"excerpt":{"rendered":"<p>Bei der B\u00fcrgermeisterwahl am 25.10.2020 in Uetersen trete ich als Gr\u00fcner Kandidat an. Ich bin seit mehr 30 Jahren in der Politik aktiv und kenne die Stadt Uetersen und ihre Probleme. Mit meiner Erfahrung und Kompetenz will ich die Zukunft der Stadt gestalten, mit den B\u00fcrger*innen, der Ratsversammlung und der Verwaltung.\u00a0 \u201eIch will diese Stadt [&hellip;]<\/p>\n","protected":false},"author":2,"featured_media":0,"parent":0,"menu_order":0,"comment_status":"closed","ping_status":"closed","template":"","meta":[],"_links":{"self":[{"href":"https:\/\/thorstenberndt.de\/wordpress\/wp-json\/wp\/v2\/pages\/127"}],"collection":[{"href":"https:\/\/thorstenberndt.de\/wordpress\/wp-json\/wp\/v2\/pages"}],"about":[{"href":"https:\/\/thorstenberndt.de\/wordpress\/wp-json\/wp\/v2\/types\/page"}],"author":[{"embeddable":true,"href":"https:\/\/thorstenberndt.de\/wordpress\/wp-json\/wp\/v2\/users\/2"}],"replies":[{"embeddable":true,"href":"https:\/\/thorstenberndt.de\/wordpress\/wp-json\/wp\/v2\/comments?post=127"}],"version-history":[{"count":39,"href":"https:\/\/thorstenberndt.de\/wordpress\/wp-json\/wp\/v2\/pages\/127\/revisions"}],"predecessor-version":[{"id":443,"href":"https:\/\/thorstenberndt.de\/wordpress\/wp-json\/wp\/v2\/pages\/127\/revisions\/443"}],"wp:attachment":[{"href":"https:\/\/thorstenberndt.de\/wordpress\/wp-json\/wp\/v2\/media?parent=127"}],"curies":[{"name":"wp","href":"https:\/\/api.w.org\/{rel}","templated":true}]}}