{"id":133,"date":"2020-04-24T09:06:06","date_gmt":"2020-04-24T07:06:06","guid":{"rendered":"http:\/\/thorstenberndt.de\/wordpress\/?page_id=133"},"modified":"2020-07-04T10:24:22","modified_gmt":"2020-07-04T08:24:22","slug":"digitalisierung","status":"publish","type":"page","link":"https:\/\/thorstenberndt.de\/wordpress\/digitalisierung\/","title":{"rendered":"Digitalisierung"},"content":{"rendered":"\n<p><strong>ECKPUNKTEPUNKTE \u201eDigitalisierungsoffensive f\u00fcr Uetersen!\u201c<\/strong><\/p>\n\n\n\n<p>Die Corona-Pandemie zeigt uns in aller Deutlichkeit auf, wie weit wir mit der Digitalisierung fortgeschritten sind. Aber sie zeigt auch, wo weiterer <strong>Handlungsbedarf<\/strong> ist.\u00a0<\/p>\n\n\n\n<div class=\"wp-block-media-text alignwide is-stacked-on-mobile\"><figure class=\"wp-block-media-text__media\"><video controls src=\"http:\/\/thorstenberndt.de\/wordpress\/wp-content\/uploads\/2020\/05\/T.Berndt-Digi-neu-klein.mp4\"><\/video><\/figure><div class=\"wp-block-media-text__content\">\n<p>Digitalisierung &#8211; Chancen und Risiken<\/p>\n<\/div><\/div>\n\n\n\n<pre class=\"wp-block-preformatted\"><\/pre>\n\n\n\n<p>Arbeit, Schule, Freizeit. Familie und Freunde. Unser gesamter Alltag steht Dank Corona unter dem Zeichen \u201eBleibt auf Distanz!\u201c. Das hat uns in den vergangenen Monaten einiges abverlangt. Aber auch Neues gebracht. War \u201eDigitalisierung der Gesellschaft\u201c bis vor Kurzem noch ein inhaltsloses Wortunget\u00fcm, erleben wir nun die Vorz\u00fcge der digitalen M\u00f6glichkeiten. <strong>Home-Office<\/strong> oder <strong>Mobiles Arbeiten<\/strong> mit Telefon- und Videokonferenzen geh\u00f6ren mittlerweile f\u00fcr viele zum Arbeitsalltag. Die sozialen Netzwerke, wie etwa Facebook, Instagram und Twitter erm\u00f6glichen die schnelle Organisation von Hilfsangeboten. Kunst und Kultur im Netz haben ein breites und zum Teil sogar neues Publikum erreicht.\u00a0<\/p>\n\n\n\n<p>Bis es einen Impfstoff gegen das Virus gibt, wird es noch l\u00e4nger notwendig sein, die \u201eKurve flach zu halten\u201c. Digitale Helfer werden uns als Folge der Krise weiter begleiten. Diese Entwicklung wird in erster Linie durch den Bund und das Land begleitet werden. Doch <strong>Uetersen<\/strong> darf diese Entwicklung nicht verschlafen. Vielmehr m\u00fcssen wir uns jetzt als gesamte Stadt-Gemeinschaft auf den Weg in die Zukunft machen.<\/p>\n\n\n\n<p>Das Ziel ist es, den Menschen in der Stadt Uetersen eine moderne digitale <strong>Infrastruktur<\/strong> zu bieten. Dies ist eine wichtige Voraussetzung, um Uetersen als eine attraktive Stadt zum Leben und Arbeiten zu gestalten.\u00a0<\/p>\n\n\n\n<p>Dazu geh\u00f6ren f\u00fcr mich die folgenden Schritte:<\/p>\n\n\n\n<p><strong>Gesundheit<\/strong><\/p>\n\n\n\n<p>Um \u00c4rzte, Krankenh\u00e4user und Patienten besser zu vernetzen, werden digitale Gesundheitsangebote immer mehr an Bedeutung gewinnen. Die Etablierung der elektronischen Patientenakte ab 2021 wird dieser Entwicklung einen weiteren Schub geben. Dieses Projekt ist sehr stark von der Bundespolitik gepr\u00e4gt. Aber auch <strong>vor Ort<\/strong> kann dieser Weg unterst\u00fctzt werden. Daf\u00fcr gilt es, ein\u00a0Online-Portal <strong>\u201eGesundes Uetersen\u201c<\/strong>, u.a. Verzeichnis von \u00c4rzt*innen mit \u00d6ffnungszeiten, aber auch Transport-M\u00f6glichkeiten zu \u00c4rzt*innen, Pr\u00e4ventionsangeboten, Kochkursen etc. zu schaffen.\u00a0<\/p>\n\n\n\n<figure class=\"wp-block-image size-large\"><img loading=\"lazy\" width=\"800\" height=\"451\" src=\"http:\/\/thorstenberndt.de\/wordpress\/wp-content\/uploads\/2020\/05\/video-bild-schreibtisch-800x451.jpg\" alt=\"\" class=\"wp-image-218\" srcset=\"https:\/\/thorstenberndt.de\/wordpress\/wp-content\/uploads\/2020\/05\/video-bild-schreibtisch-800x451.jpg 800w, https:\/\/thorstenberndt.de\/wordpress\/wp-content\/uploads\/2020\/05\/video-bild-schreibtisch-400x226.jpg 400w, https:\/\/thorstenberndt.de\/wordpress\/wp-content\/uploads\/2020\/05\/video-bild-schreibtisch-768x433.jpg 768w, https:\/\/thorstenberndt.de\/wordpress\/wp-content\/uploads\/2020\/05\/video-bild-schreibtisch-150x85.jpg 150w, https:\/\/thorstenberndt.de\/wordpress\/wp-content\/uploads\/2020\/05\/video-bild-schreibtisch.jpg 1397w\" sizes=\"(max-width: 800px) 100vw, 800px\" \/><figcaption>Home-Office oder B\u00fcro, als B\u00fcrgermeister werde ich nat\u00fcrlich meistens im Rathaus sein!<br>Oder im Dialog vor Ort.<\/figcaption><\/figure>\n\n\n\n<p><strong>Wirtschaft<\/strong><\/p>\n\n\n\n<p>Die digitale Wirtschaft soll f\u00fcr Uetersen eine gr\u00f6\u00dfere Rolle spielen. Die N\u00e4he zu Hamburg und zu den Unternehmen im Kreis Pinneberg und in Norderstedt machen unsere <strong>Heimatstadt<\/strong> zum idealen Standort\u00a0f\u00fcr moderne Unternehmen. Dabei gilt es auch, mit Hilfe digitaler Netzwerke regionale Wirtschaftsstrukturen zu st\u00e4rken.<\/p>\n\n\n\n<p>&#8211; Home-Office und Mobiles Arbeiten wird auch im Arbeitsalltag nach Corona eine gleichwertige Option sein &#8211; im Einvernehmen mit den Arbeitgeber*innen, Arbeitnehmer*innen und deren Familien. Hier schlummern enorme<strong> Chancen<\/strong> f\u00fcr einen modernen und attraktiven <strong>Arbeitsplatz<\/strong>.   Dies gilt auch f\u00fcr die Stadtverwaltung Uetersen. <\/p>\n\n\n\n<p>&#8211; Telefon- und Videokonferenzen gilt es weiter im Arbeitsalltag der Verwaltung zu etablieren. Denn sie sparen nicht nur Zeit, sondern auch etwaige An- und Abreisen. Ein enormer \u00f6konomischer und \u00f6kologischer Pluspunkt.<\/p>\n\n\n\n<p><strong>Lernen<\/strong><\/p>\n\n\n\n<p>F\u00fcr die Uetersener Schulen werden schon jetzt die notwendigen Infrastrukturen geschaffen und geeignete Lernstrategien\u00a0entwickelt. Diese Ma\u00dfnahmen sind bereits im ersten Nachtrags-Haushalt fest eingeplant. Aber auch die <strong>Volkshochschulen<\/strong> sollen Teil dieses Prozesses werden.<\/p>\n\n\n\n<p>&#8211; E-Learning wird an allen Schulen zum selbstverst\u00e4ndlichen Angebot. Nat\u00fcrlich sollen die Sch\u00fcler*innen nicht den ganzen Tag vor dem Bildschirm sitzen. Doch ein gut durchdachtes und hochwertiges <strong>digitales Angebot<\/strong> hilft bei individueller F\u00f6rderung, bei Lehrer*innenausfall und auch bei Schulschlie\u00dfungen.<\/p>\n\n\n\n<p><strong>Leben und Demokratie<\/strong><\/p>\n\n\n\n<p>&#8211; Fl\u00e4chendeckender Glasfaser- und Mobilfunkausbau sind unabdingbare Voraussetzung f\u00fcr die Entwicklung der Stadt. Denn sie ist Grundvoraussetzung daf\u00fcr, die <strong>Stadt<\/strong> als <strong>Wohnstandort<\/strong> f\u00fcr digital Arbeitende attraktiv werden zu lassen.<\/p>\n\n\n\n<p>&#8211; Zus\u00e4tzlich brauchen wir Instrumente der elektronischen B\u00fcrger*innenbeteiligung. Live-Schaltungen von Sitzungen im Internet mit Bild und Ton und Online-Portale zur <strong>B\u00fcrger*innenbeteiligung<\/strong> bei besonderen Projekten k\u00f6nnen die ersten Schritte dabei sein.<\/p>\n\n\n\n<p><strong>Verwaltung<\/strong><\/p>\n\n\n\n<p>&#8211; Alle Dienstleistungen der Stadt Uetersen m\u00fcssen bis zum Jahr 2022 online verf\u00fcgbar sein, wie es das Onlinezugangsgesetz des Bundes vorgibt. Ausweisverl\u00e4ngerung, Kfz-An- und Abmeldung, Gewerbeanmeldung \u2013 das alles und viel mehr wird von zuhause aus machbar sein. Selbstverst\u00e4ndlich wird aber auch der <strong>pers\u00f6nliche Gang zum Amt<\/strong> weiter m\u00f6glich bleiben.<\/p>\n\n\n\n<p>&#8211; Eine elektronische Aktenverwaltung muss in der Verwaltung stufenweise, wie es jetzt schon in ganz viele Beh\u00f6rden der Fall ist, in allen Bereichen eingef\u00fchrt werden.<\/p>\n\n\n\n<p>&#8211; Alle Prozesse und Dokumente, die nicht durch <strong>Datenschutzregelungen <\/strong>gesch\u00fctzt sind, sollen online und transparent f\u00fcr jede und jeden verf\u00fcgbar sein (Open-Data). Zus\u00e4tzlich brauchen wir Instrumente der elektronischen <strong>B\u00fcrger*innenbeteiligung<\/strong>.<\/p>\n\n\n\n<figure class=\"wp-block-image size-large\"><img loading=\"lazy\" width=\"800\" height=\"562\" src=\"http:\/\/thorstenberndt.de\/wordpress\/wp-content\/uploads\/2020\/05\/IMG_E3387-800x562.jpg\" alt=\"\" class=\"wp-image-193\" srcset=\"https:\/\/thorstenberndt.de\/wordpress\/wp-content\/uploads\/2020\/05\/IMG_E3387-800x562.jpg 800w, https:\/\/thorstenberndt.de\/wordpress\/wp-content\/uploads\/2020\/05\/IMG_E3387-400x281.jpg 400w, https:\/\/thorstenberndt.de\/wordpress\/wp-content\/uploads\/2020\/05\/IMG_E3387-768x540.jpg 768w, https:\/\/thorstenberndt.de\/wordpress\/wp-content\/uploads\/2020\/05\/IMG_E3387-1536x1079.jpg 1536w, https:\/\/thorstenberndt.de\/wordpress\/wp-content\/uploads\/2020\/05\/IMG_E3387-2048x1439.jpg 2048w, https:\/\/thorstenberndt.de\/wordpress\/wp-content\/uploads\/2020\/05\/IMG_E3387-150x105.jpg 150w\" sizes=\"(max-width: 800px) 100vw, 800px\" \/><figcaption>Auch in der Kunst: egal ob analog mit Film oder digital mit Chip &#8211; ich kann beides! <br>Ausstellung &#8222;Selfie&#8220; im Wenzel-Hablik-Museum 2019<\/figcaption><\/figure>\n\n\n\n<p><strong>Kommunikation<\/strong><\/p>\n\n\n\n<p>&#8211; Die Stadt soll aktuelle politische und gesellschaftliche Entwicklungen und Ereignisse \u00fcber den Nachrichtendienst Twitter kommunizieren.&nbsp;<\/p>\n\n\n\n<p>&#8211; <strong>Instagram<\/strong> und <strong>Facebook<\/strong> sind zus\u00e4tzlich als Kommunikations-, Diskussions- und Werbeinstrument zu nutzen.<\/p>\n\n\n\n<p>&#8211; Der\/Die B\u00fcrgermeister*in wendet sich regelm\u00e4\u00dfig per <strong>Videobotschaft<\/strong> an seine\/ihre B\u00fcrger*innen. Hierzu sind m\u00f6glichst viele verschiedene der verf\u00fcgbaren Plattformen im Internet zu nutzen.<\/p>\n\n\n\n<p>All diese Schritte werde ich als Uetersener B\u00fcrgermeister konsequent umsetzen.<\/p>\n\n\n\n<p>Dabei sind auch die <strong>Risikofaktoren<\/strong> im Blick zu behalten, beispielsweise die Gefahr von Hackerangriffen und \u00dcberlastung des Netzes. Hier gilt es, f\u00fcr den Notfall mitzudenken.                    Die Corona-Pandemie zeigt uns auch, dass ganz pl\u00f6tzliche, bis dato unvorstellbare Ereignisse geschehen k\u00f6nnen. Darum muss es eine permanente Risikoeinsch\u00e4tzung und entsprechende Sicherungen geben.<\/p>\n\n\n\n<p>Digitalisierung kann und soll den <strong>pers\u00f6nlichen Kontakt<\/strong> nicht ersetzen. Sie wird aber eine wertvolle Erg\u00e4nzung in unserem t\u00e4glichen Leben und in Zukunft nicht mehr wegzudenken sein.\u00a0<\/p>\n","protected":false},"excerpt":{"rendered":"<p>ECKPUNKTEPUNKTE \u201eDigitalisierungsoffensive f\u00fcr Uetersen!\u201c Die Corona-Pandemie zeigt uns in aller Deutlichkeit auf, wie weit wir mit der Digitalisierung fortgeschritten sind. Aber sie zeigt auch, wo weiterer Handlungsbedarf ist.\u00a0 Digitalisierung &#8211; Chancen und Risiken Arbeit, Schule, Freizeit. Familie und Freunde. Unser gesamter Alltag steht Dank Corona unter dem Zeichen \u201eBleibt auf Distanz!\u201c. Das hat uns in [&hellip;]<\/p>\n","protected":false},"author":2,"featured_media":0,"parent":0,"menu_order":0,"comment_status":"closed","ping_status":"closed","template":"","meta":[],"_links":{"self":[{"href":"https:\/\/thorstenberndt.de\/wordpress\/wp-json\/wp\/v2\/pages\/133"}],"collection":[{"href":"https:\/\/thorstenberndt.de\/wordpress\/wp-json\/wp\/v2\/pages"}],"about":[{"href":"https:\/\/thorstenberndt.de\/wordpress\/wp-json\/wp\/v2\/types\/page"}],"author":[{"embeddable":true,"href":"https:\/\/thorstenberndt.de\/wordpress\/wp-json\/wp\/v2\/users\/2"}],"replies":[{"embeddable":true,"href":"https:\/\/thorstenberndt.de\/wordpress\/wp-json\/wp\/v2\/comments?post=133"}],"version-history":[{"count":18,"href":"https:\/\/thorstenberndt.de\/wordpress\/wp-json\/wp\/v2\/pages\/133\/revisions"}],"predecessor-version":[{"id":446,"href":"https:\/\/thorstenberndt.de\/wordpress\/wp-json\/wp\/v2\/pages\/133\/revisions\/446"}],"wp:attachment":[{"href":"https:\/\/thorstenberndt.de\/wordpress\/wp-json\/wp\/v2\/media?parent=133"}],"curies":[{"name":"wp","href":"https:\/\/api.w.org\/{rel}","templated":true}]}}