{"id":141,"date":"2020-04-26T16:13:22","date_gmt":"2020-04-26T14:13:22","guid":{"rendered":"http:\/\/thorstenberndt.de\/wordpress\/?page_id=141"},"modified":"2020-10-14T13:50:40","modified_gmt":"2020-10-14T11:50:40","slug":"kontakt","status":"publish","type":"page","link":"https:\/\/thorstenberndt.de\/wordpress\/kontakt\/","title":{"rendered":"Kontakt"},"content":{"rendered":"\n<h2>Mein B\u00fcro<\/h2>\n\n\n\n<p>Sie k\u00f6nnen mich von <strong>Montag<\/strong> bis <strong>Samstag<\/strong> von 10:00 &#8211; 15:00 Uhr in meinem <strong>B\u00fcro<\/strong> treffen. Aber ich treffe mich mit Ihnen gerne auch zu einem anderen vereinbarten Termin. Nehmen Sie einfach Kontakt mit mir auf.<\/p>\n\n\n\n<div class=\"wp-block-image\"><figure class=\"aligncenter size-large\"><img loading=\"lazy\" width=\"800\" height=\"800\" src=\"http:\/\/thorstenberndt.de\/wordpress\/wp-content\/uploads\/2020\/10\/9B561FF8-B905-4813-BE7B-1F0AF1513A43-800x800.jpeg\" alt=\"\" class=\"wp-image-672\" srcset=\"https:\/\/thorstenberndt.de\/wordpress\/wp-content\/uploads\/2020\/10\/9B561FF8-B905-4813-BE7B-1F0AF1513A43-800x800.jpeg 800w, https:\/\/thorstenberndt.de\/wordpress\/wp-content\/uploads\/2020\/10\/9B561FF8-B905-4813-BE7B-1F0AF1513A43-400x400.jpeg 400w, https:\/\/thorstenberndt.de\/wordpress\/wp-content\/uploads\/2020\/10\/9B561FF8-B905-4813-BE7B-1F0AF1513A43-150x150.jpeg 150w, https:\/\/thorstenberndt.de\/wordpress\/wp-content\/uploads\/2020\/10\/9B561FF8-B905-4813-BE7B-1F0AF1513A43-768x768.jpeg 768w, https:\/\/thorstenberndt.de\/wordpress\/wp-content\/uploads\/2020\/10\/9B561FF8-B905-4813-BE7B-1F0AF1513A43-1536x1536.jpeg 1536w, https:\/\/thorstenberndt.de\/wordpress\/wp-content\/uploads\/2020\/10\/9B561FF8-B905-4813-BE7B-1F0AF1513A43-2048x2048.jpeg 2048w\" sizes=\"(max-width: 800px) 100vw, 800px\" \/><figcaption>Sie finden mein B\u00fcro im Gro\u00dfen Sand 3 im Pressehaus Uetersen<\/figcaption><\/figure><\/div>\n\n\n\n<p>Sie haben Fragen, w\u00fcnschen ein <strong>pers\u00f6nliches Gespr\u00e4ch<\/strong> oder wollen mich weiter kennelernen. Melden Sie sich einfach per E-Mail oder Telefon.<\/p>\n\n\n\n<figure class=\"wp-block-image size-large\"><img loading=\"lazy\" width=\"800\" height=\"533\" src=\"http:\/\/thorstenberndt.de\/wordpress\/wp-content\/uploads\/2020\/05\/Berndt-04-800x533.jpg\" alt=\"\" class=\"wp-image-192\" srcset=\"https:\/\/thorstenberndt.de\/wordpress\/wp-content\/uploads\/2020\/05\/Berndt-04-800x533.jpg 800w, https:\/\/thorstenberndt.de\/wordpress\/wp-content\/uploads\/2020\/05\/Berndt-04-400x267.jpg 400w, https:\/\/thorstenberndt.de\/wordpress\/wp-content\/uploads\/2020\/05\/Berndt-04-768x512.jpg 768w, https:\/\/thorstenberndt.de\/wordpress\/wp-content\/uploads\/2020\/05\/Berndt-04-1536x1024.jpg 1536w, https:\/\/thorstenberndt.de\/wordpress\/wp-content\/uploads\/2020\/05\/Berndt-04-2048x1365.jpg 2048w, https:\/\/thorstenberndt.de\/wordpress\/wp-content\/uploads\/2020\/05\/Berndt-04-150x100.jpg 150w\" sizes=\"(max-width: 800px) 100vw, 800px\" \/><figcaption>Rufen Sie mich an oder schreiben Sie mir. Ich freue mich auf ein Gespr\u00e4ch mit Ihnen.<\/figcaption><\/figure>\n\n\n\n<p><strong>info@thorstenberndt.de<\/strong><\/p>\n\n\n\n<p><strong>Mobil: 0162 6514 771<\/strong><\/p>\n\n\n\n<p>Oder besuchen Sie mich freitags auf dem <strong>Wochenmarkt<\/strong> in <strong>Uetersen<\/strong>. <\/p>\n\n\n\n<figure class=\"wp-block-video\"><video controls src=\"http:\/\/thorstenberndt.de\/wordpress\/wp-content\/uploads\/2020\/06\/IMG_7059.mp4\"><\/video><\/figure>\n\n\n\n<p><\/p>\n\n\n\n<p>Wenn Sie meinen Wahlkampf finanziell unterst\u00fctzen wollen, dann k\u00f6nnen Sie auf folgendes Konto mit dem Stichwort <strong>&#8222;B\u00fcrgermeisterwahl Uetersen&#8220;<\/strong> spenden:<\/p>\n\n\n\n<p>B\u00dcNDNIS 90\/DIE GR\u00dcNEN <\/p>\n\n\n\n<p>SPARKASSE S\u00dcDHOLSTEIN <\/p>\n\n\n\n<p><strong>IBAN: DE51 2305 1030 0008 8248 15 <\/strong><\/p>\n\n\n\n<p>BIC: NOLADE21SHO<\/p>\n","protected":false},"excerpt":{"rendered":"<p>Mein B\u00fcro Sie k\u00f6nnen mich von Montag bis Samstag von 10:00 &#8211; 15:00 Uhr in meinem B\u00fcro treffen. Aber ich treffe mich mit Ihnen gerne auch zu einem anderen vereinbarten Termin. Nehmen Sie einfach Kontakt mit mir auf. Sie haben Fragen, w\u00fcnschen ein pers\u00f6nliches Gespr\u00e4ch oder wollen mich weiter kennelernen. Melden Sie sich einfach per [&hellip;]<\/p>\n","protected":false},"author":2,"featured_media":0,"parent":0,"menu_order":0,"comment_status":"closed","ping_status":"closed","template":"","meta":[],"_links":{"self":[{"href":"https:\/\/thorstenberndt.de\/wordpress\/wp-json\/wp\/v2\/pages\/141"}],"collection":[{"href":"https:\/\/thorstenberndt.de\/wordpress\/wp-json\/wp\/v2\/pages"}],"about":[{"href":"https:\/\/thorstenberndt.de\/wordpress\/wp-json\/wp\/v2\/types\/page"}],"author":[{"embeddable":true,"href":"https:\/\/thorstenberndt.de\/wordpress\/wp-json\/wp\/v2\/users\/2"}],"replies":[{"embeddable":true,"href":"https:\/\/thorstenberndt.de\/wordpress\/wp-json\/wp\/v2\/comments?post=141"}],"version-history":[{"count":19,"href":"https:\/\/thorstenberndt.de\/wordpress\/wp-json\/wp\/v2\/pages\/141\/revisions"}],"predecessor-version":[{"id":675,"href":"https:\/\/thorstenberndt.de\/wordpress\/wp-json\/wp\/v2\/pages\/141\/revisions\/675"}],"wp:attachment":[{"href":"https:\/\/thorstenberndt.de\/wordpress\/wp-json\/wp\/v2\/media?parent=141"}],"curies":[{"name":"wp","href":"https:\/\/api.w.org\/{rel}","templated":true}]}}