{"id":247,"date":"2020-05-25T07:57:01","date_gmt":"2020-05-25T05:57:01","guid":{"rendered":"http:\/\/thorstenberndt.de\/wordpress\/?page_id=247"},"modified":"2020-10-22T13:20:41","modified_gmt":"2020-10-22T11:20:41","slug":"videos","status":"publish","type":"page","link":"https:\/\/thorstenberndt.de\/wordpress\/videos\/","title":{"rendered":"Videos"},"content":{"rendered":"\n<div class=\"wp-block-media-text alignwide is-stacked-on-mobile\"><figure class=\"wp-block-media-text__media\"><video controls src=\"http:\/\/thorstenberndt.de\/wordpress\/wp-content\/uploads\/2020\/10\/T.Berndt-presse_1.3gp\"><\/video><\/figure><div class=\"wp-block-media-text__content\">\n<p><\/p>\n\n\n\n<p>7 Minuten Bewerbungsrede im Rahmen der \u00f6ffentlichen Vorstellung am 29.9.2020<\/p>\n<\/div><\/div>\n\n\n\n<p>Bewerbung<\/p>\n\n\n\n<div class=\"wp-block-media-text alignwide is-stacked-on-mobile\"><figure class=\"wp-block-media-text__media\"><video controls src=\"http:\/\/thorstenberndt.de\/wordpress\/wp-content\/uploads\/2020\/05\/T.Berndt-Digi-neu-klein.mp4\"><\/video><\/figure><div class=\"wp-block-media-text__content\">\n<p>Die digitale Zukunft f\u00fcr Uetersen!<\/p>\n<\/div><\/div>\n\n\n\n<p>Digitalisierung<\/p>\n\n\n\n<div class=\"wp-block-media-text alignwide is-stacked-on-mobile\"><figure class=\"wp-block-media-text__media\"><video controls src=\"http:\/\/thorstenberndt.de\/wordpress\/wp-content\/uploads\/2020\/05\/testbetrieb-.mp4\"><\/video><\/figure><div class=\"wp-block-media-text__content\">\n<p>Der erfolgreiche Testbetrieb der Bahnstrecke Uetersen &#8211; Tornesch<\/p>\n<\/div><\/div>\n\n\n\n<p>Mobilit\u00e4t<\/p>\n\n\n\n<div class=\"wp-block-media-text alignwide is-stacked-on-mobile\"><figure class=\"wp-block-media-text__media\"><video controls src=\"http:\/\/thorstenberndt.de\/wordpress\/wp-content\/uploads\/2020\/06\/lise-offener-kanal.m4v\"><\/video><\/figure><div class=\"wp-block-media-text__content\">\n<p>Mein Hobby: Segeln<\/p>\n\n\n\n<p style=\"font-size:12px\">Ein Beitrag des Offenen Kanal Kiel von der Kieler Woche 2017<\/p>\n<\/div><\/div>\n\n\n\n<p>Freizeit<\/p>\n\n\n\n<p><\/p>\n","protected":false},"excerpt":{"rendered":"<p>7 Minuten Bewerbungsrede im Rahmen der \u00f6ffentlichen Vorstellung am 29.9.2020 Bewerbung Die digitale Zukunft f\u00fcr Uetersen! Digitalisierung Der erfolgreiche Testbetrieb der Bahnstrecke Uetersen &#8211; Tornesch Mobilit\u00e4t Mein Hobby: Segeln Ein Beitrag des Offenen Kanal Kiel von der Kieler Woche 2017 Freizeit<\/p>\n","protected":false},"author":2,"featured_media":0,"parent":0,"menu_order":0,"comment_status":"closed","ping_status":"closed","template":"","meta":[],"_links":{"self":[{"href":"https:\/\/thorstenberndt.de\/wordpress\/wp-json\/wp\/v2\/pages\/247"}],"collection":[{"href":"https:\/\/thorstenberndt.de\/wordpress\/wp-json\/wp\/v2\/pages"}],"about":[{"href":"https:\/\/thorstenberndt.de\/wordpress\/wp-json\/wp\/v2\/types\/page"}],"author":[{"embeddable":true,"href":"https:\/\/thorstenberndt.de\/wordpress\/wp-json\/wp\/v2\/users\/2"}],"replies":[{"embeddable":true,"href":"https:\/\/thorstenberndt.de\/wordpress\/wp-json\/wp\/v2\/comments?post=247"}],"version-history":[{"count":24,"href":"https:\/\/thorstenberndt.de\/wordpress\/wp-json\/wp\/v2\/pages\/247\/revisions"}],"predecessor-version":[{"id":700,"href":"https:\/\/thorstenberndt.de\/wordpress\/wp-json\/wp\/v2\/pages\/247\/revisions\/700"}],"wp:attachment":[{"href":"https:\/\/thorstenberndt.de\/wordpress\/wp-json\/wp\/v2\/media?parent=247"}],"curies":[{"name":"wp","href":"https:\/\/api.w.org\/{rel}","templated":true}]}}