{"id":31,"date":"2020-03-01T16:37:36","date_gmt":"2020-03-01T15:37:36","guid":{"rendered":"http:\/\/thorstenberndt.de\/wordpress\/?page_id=31"},"modified":"2020-09-01T08:59:53","modified_gmt":"2020-09-01T06:59:53","slug":"lebenslauf","status":"publish","type":"page","link":"https:\/\/thorstenberndt.de\/wordpress\/lebenslauf\/","title":{"rendered":"Lebenslauf"},"content":{"rendered":"\n<p><strong>Uetersen: Meine Heimat. Stadt meines Herzens. Meine gro\u00dfe Liebe.&nbsp;<\/strong><\/p>\n\n\n\n<figure class=\"wp-block-image size-large is-resized\"><img loading=\"lazy\" src=\"http:\/\/thorstenberndt.de\/wordpress\/wp-content\/uploads\/2020\/07\/thorsten-kind-800x1128.jpg\" alt=\"\" class=\"wp-image-433\" width=\"264\" height=\"371\" srcset=\"https:\/\/thorstenberndt.de\/wordpress\/wp-content\/uploads\/2020\/07\/thorsten-kind-800x1128.jpg 800w, https:\/\/thorstenberndt.de\/wordpress\/wp-content\/uploads\/2020\/07\/thorsten-kind-400x564.jpg 400w, https:\/\/thorstenberndt.de\/wordpress\/wp-content\/uploads\/2020\/07\/thorsten-kind-768x1083.jpg 768w, https:\/\/thorstenberndt.de\/wordpress\/wp-content\/uploads\/2020\/07\/thorsten-kind-1089x1536.jpg 1089w, https:\/\/thorstenberndt.de\/wordpress\/wp-content\/uploads\/2020\/07\/thorsten-kind-1452x2048.jpg 1452w, https:\/\/thorstenberndt.de\/wordpress\/wp-content\/uploads\/2020\/07\/thorsten-kind-scaled.jpg 1816w\" sizes=\"(max-width: 264px) 100vw, 264px\" \/><figcaption>Eine bewegte Kindheit &#8211; von F\u00fcrstenfeldbruck \u00fcber Pinneberg, Lagos (Nigeria), Pinneberg und Germersheim nach Uetersen!<\/figcaption><\/figure>\n\n\n\n<p><strong>Azubi &#8211; Zivi &#8211; Uni<\/strong><\/p>\n\n\n\n<p>Seit meiner Kindheit lebe ich in Uetersen, habe hier meine Jugend- und Schulzeit verbracht. Auf das Abitur am <strong>Ludwig-Meyn-Gymnasium<\/strong> folgte meine Ausbildung zum Photographen in Barmstedt. Im Anschluss an meine Zivildienstzeit im Rathaus der Stadt Norderstedt habe ich in Hamburg Soziologie sowie Sozial- und Wirtschaftsgeschichte studiert.<\/p>\n\n\n\n<figure class=\"wp-block-image size-large is-resized\"><img loading=\"lazy\" src=\"http:\/\/thorstenberndt.de\/wordpress\/wp-content\/uploads\/2020\/06\/IMG_7724-800x600.jpg\" alt=\"\" class=\"wp-image-263\" width=\"289\" height=\"217\" srcset=\"https:\/\/thorstenberndt.de\/wordpress\/wp-content\/uploads\/2020\/06\/IMG_7724-800x600.jpg 800w, https:\/\/thorstenberndt.de\/wordpress\/wp-content\/uploads\/2020\/06\/IMG_7724-400x300.jpg 400w, https:\/\/thorstenberndt.de\/wordpress\/wp-content\/uploads\/2020\/06\/IMG_7724-768x576.jpg 768w, https:\/\/thorstenberndt.de\/wordpress\/wp-content\/uploads\/2020\/06\/IMG_7724-1536x1152.jpg 1536w, https:\/\/thorstenberndt.de\/wordpress\/wp-content\/uploads\/2020\/06\/IMG_7724-2048x1536.jpg 2048w, https:\/\/thorstenberndt.de\/wordpress\/wp-content\/uploads\/2020\/06\/IMG_7724-150x113.jpg 150w\" sizes=\"(max-width: 289px) 100vw, 289px\" \/><figcaption>Schulzeit &#8211; auf dem Weg!<\/figcaption><\/figure>\n\n\n\n<p>Schon seit Anfang der 80er Jahre schl\u00e4gt mein Herz gr\u00fcn. In Uetersen wurde ich zuerst bei der GAL (Gr\u00fcn-Alternative-Liste) politisch aktiv.&nbsp;<\/p>\n\n\n\n<p>Nachhaltig bis heute gepr\u00e4gt hat mich der rechtsextreme Brandanschlag in M\u00f6lln 1992. Dieser rassistische Gewaltakt hat mich darin best\u00e4rkt, dass <strong>Offenheit<\/strong> und <strong>Toleranz<\/strong> gegen\u00fcber anderen Menschen, \u00dcberzeugungen und Kulturen f\u00fcr mich sehr wichtig sind. Diese Toleranz endet aber dort, wo andere \u00dcberzeugungen dazu f\u00fchren, Menschen zu diskriminieren, auszuschlie\u00dfen oder gar zu verletzen. Und unsere demokratische und friedlich freiheitliche Gesellschaft gef\u00e4hrden.&nbsp;<\/p>\n\n\n\n<figure class=\"wp-block-image size-large is-resized\"><img loading=\"lazy\" src=\"http:\/\/thorstenberndt.de\/wordpress\/wp-content\/uploads\/2020\/06\/IMG_8610-800x1067.jpg\" alt=\"\" class=\"wp-image-291\" width=\"270\" height=\"359\" srcset=\"https:\/\/thorstenberndt.de\/wordpress\/wp-content\/uploads\/2020\/06\/IMG_8610-800x1067.jpg 800w, https:\/\/thorstenberndt.de\/wordpress\/wp-content\/uploads\/2020\/06\/IMG_8610-400x533.jpg 400w, https:\/\/thorstenberndt.de\/wordpress\/wp-content\/uploads\/2020\/06\/IMG_8610-768x1024.jpg 768w, https:\/\/thorstenberndt.de\/wordpress\/wp-content\/uploads\/2020\/06\/IMG_8610-1152x1536.jpg 1152w, https:\/\/thorstenberndt.de\/wordpress\/wp-content\/uploads\/2020\/06\/IMG_8610-1536x2048.jpg 1536w, https:\/\/thorstenberndt.de\/wordpress\/wp-content\/uploads\/2020\/06\/IMG_8610-113x150.jpg 113w, https:\/\/thorstenberndt.de\/wordpress\/wp-content\/uploads\/2020\/06\/IMG_8610-scaled.jpg 1920w\" sizes=\"(max-width: 270px) 100vw, 270px\" \/><figcaption>Immer an Zielen arbeiten: nach dem Abi in Schweden auf Kanu-Tour<\/figcaption><\/figure>\n\n\n\n<p><strong>Politische Pr\u00e4gung<\/strong><\/p>\n\n\n\n<p>Gepr\u00e4gt hat mich auch meine 9-j\u00e4hrige T\u00e4tigkeit als Jugendsch\u00f6ffe am Elmshorner Amtsgericht. In dieser Zeit habe ich viele jugendliche Straft\u00e4ter pers\u00f6nlich kennengelernt. Diese Jugendlichen und ihre Lebensgeschichten haben mir deutlich gezeigt, wie wichtig <strong>Bildung<\/strong> und soziale <strong>Gerechtigkeit<\/strong> f\u00fcr jeden einzelnen Menschen sind. Wer kaum oder gar nicht die M\u00f6glichkeit bekommt, an unserem sozialen Leben gleichberechtigt teilzunehmen, l\u00e4uft Gefahr, sich seine eigene Gerechtigkeit auf halblegalen oder illegalen Wegen zu verschaffen.&nbsp;<\/p>\n\n\n\n<figure class=\"wp-block-image size-large is-resized\"><img loading=\"lazy\" src=\"http:\/\/thorstenberndt.de\/wordpress\/wp-content\/uploads\/2020\/08\/hochzeit-01-787x1200.jpg\" alt=\"\" class=\"wp-image-484\" width=\"295\" height=\"450\" srcset=\"https:\/\/thorstenberndt.de\/wordpress\/wp-content\/uploads\/2020\/08\/hochzeit-01-787x1200.jpg 787w, https:\/\/thorstenberndt.de\/wordpress\/wp-content\/uploads\/2020\/08\/hochzeit-01-393x600.jpg 393w, https:\/\/thorstenberndt.de\/wordpress\/wp-content\/uploads\/2020\/08\/hochzeit-01-768x1171.jpg 768w, https:\/\/thorstenberndt.de\/wordpress\/wp-content\/uploads\/2020\/08\/hochzeit-01-1007x1536.jpg 1007w, https:\/\/thorstenberndt.de\/wordpress\/wp-content\/uploads\/2020\/08\/hochzeit-01-1343x2048.jpg 1343w, https:\/\/thorstenberndt.de\/wordpress\/wp-content\/uploads\/2020\/08\/hochzeit-01.jpg 1527w\" sizes=\"(max-width: 295px) 100vw, 295px\" \/><figcaption>Am 1. August 2020 habe ich Esther Dymel-Sohl in der Klosterkirche Uetersen geheiratet.<\/figcaption><\/figure>\n\n\n\n<p><strong>Kommune &#8211; Kreis &#8211; Kiel&nbsp;<\/strong><\/p>\n\n\n\n<p>Bis heute habe ich mehr als 20 Jahre als Mitglied des Uetersener Stadtrats und des Kreistages Pinneberg Politik f\u00fcr <strong>unsere Stadt <\/strong>und Region mit gestaltet.&nbsp;<\/p>\n\n\n\n<p>Finanzen, Bilanzen und das Verh\u00e4ltnis der \u00d6ffentlichen Hand zu ihren Wirtschaftsbetrieben (z. B. Stadtwerke, Abwasserentsorgung, Verkehrsbetriebe): In diese Themen konnte ich mich als Mitglied im <strong>Verwaltungsrat<\/strong> der Sparkasse Pinneberg und in verschiedenen Aufsichtsr\u00e4ten intensiv einarbeiten.&nbsp;<\/p>\n\n\n\n<p>Aktuell bin ich Mitarbeiter der Gr\u00fcnen Fraktionsvorsitzenden Eka von Kalben im Kieler Landtag. Dank dieser und fr\u00fcherer T\u00e4tigkeiten f\u00fcr verschiedene Bundestags- und Landtagsabgeordnete bin ich sehr gut vernetzt &#8211; und das weit \u00fcber die eigenen Parteigrenzen hinaus. Ein enormer Pluspunkt, den ich bei meiner Arbeit als B\u00fcrgermeister gewinnbringend einsetzen werde.&nbsp;<\/p>\n\n\n\n<figure class=\"wp-block-image size-large is-resized\"><img loading=\"lazy\" src=\"http:\/\/thorstenberndt.de\/wordpress\/wp-content\/uploads\/2020\/05\/thor-800x1200.jpg\" alt=\"\" class=\"wp-image-232\" width=\"308\" height=\"462\" srcset=\"https:\/\/thorstenberndt.de\/wordpress\/wp-content\/uploads\/2020\/05\/thor-800x1200.jpg 800w, https:\/\/thorstenberndt.de\/wordpress\/wp-content\/uploads\/2020\/05\/thor-400x600.jpg 400w, https:\/\/thorstenberndt.de\/wordpress\/wp-content\/uploads\/2020\/05\/thor-768x1152.jpg 768w, https:\/\/thorstenberndt.de\/wordpress\/wp-content\/uploads\/2020\/05\/thor-1024x1536.jpg 1024w, https:\/\/thorstenberndt.de\/wordpress\/wp-content\/uploads\/2020\/05\/thor-1365x2048.jpg 1365w, https:\/\/thorstenberndt.de\/wordpress\/wp-content\/uploads\/2020\/05\/thor-100x150.jpg 100w, https:\/\/thorstenberndt.de\/wordpress\/wp-content\/uploads\/2020\/05\/thor-scaled.jpg 1707w\" sizes=\"(max-width: 308px) 100vw, 308px\" \/><figcaption>Stadtradeln 2020 &#8211; als B\u00fcrgermeister werde ich regelm\u00e4\u00dfig mit dem Rad ins B\u00fcro fahren.<\/figcaption><\/figure>\n\n\n\n<p><strong>Kunst im Alltag<\/strong><\/p>\n\n\n\n<p>Die Leidenschaft zur <strong>Photographie<\/strong> begleitet mich seit meiner Ausbildung. Neben meiner politischen Arbeit habe ich immer auch freiberuflich als Photograph und K\u00fcnstler gearbeitet. Meine Schwerpunktthemen liegen in Uetersen: Die <strong>Arbeitswelten<\/strong> (z.B. bei der Stora-Enso\/Feldm\u00fchle), architektonische Besonderheiten wie etwa die Parkpalette oder Nachtszenerien. Meine Themen finde ich im Alltag, besonders dort, wo <strong>Politik <\/strong>und <strong>Gesellschaft<\/strong> zusammentreffen.&nbsp;<\/p>\n\n\n\n<p>Ein k\u00fcnstlerisch emotionaler Meilenstein ist meine Serie \u201eLieblingspl\u00e4tze\u201c, ein Projekt mit Wohnungslosen, das w\u00e4hrend meiner T\u00e4tigkeit im Jugendhilfe-Ausschuss des Kreises Pinneberg entstand. 2008 wurden die Bilder in der <strong>Museumsscheune Langes Tannen<\/strong> gezeigt.&nbsp;<\/p>\n\n\n\n<figure class=\"wp-block-image size-large is-resized\"><img loading=\"lazy\" src=\"http:\/\/thorstenberndt.de\/wordpress\/wp-content\/uploads\/2020\/05\/58e2e47f-5fed-4b5f-a422-0e5be0bdfb09-800x450.jpg\" alt=\"\" class=\"wp-image-194\" width=\"507\" height=\"285\" srcset=\"https:\/\/thorstenberndt.de\/wordpress\/wp-content\/uploads\/2020\/05\/58e2e47f-5fed-4b5f-a422-0e5be0bdfb09-800x450.jpg 800w, https:\/\/thorstenberndt.de\/wordpress\/wp-content\/uploads\/2020\/05\/58e2e47f-5fed-4b5f-a422-0e5be0bdfb09-400x225.jpg 400w, https:\/\/thorstenberndt.de\/wordpress\/wp-content\/uploads\/2020\/05\/58e2e47f-5fed-4b5f-a422-0e5be0bdfb09-768x432.jpg 768w, https:\/\/thorstenberndt.de\/wordpress\/wp-content\/uploads\/2020\/05\/58e2e47f-5fed-4b5f-a422-0e5be0bdfb09-1536x864.jpg 1536w, https:\/\/thorstenberndt.de\/wordpress\/wp-content\/uploads\/2020\/05\/58e2e47f-5fed-4b5f-a422-0e5be0bdfb09-150x84.jpg 150w, https:\/\/thorstenberndt.de\/wordpress\/wp-content\/uploads\/2020\/05\/58e2e47f-5fed-4b5f-a422-0e5be0bdfb09.jpg 1600w\" sizes=\"(max-width: 507px) 100vw, 507px\" \/><figcaption>Ich bin leidenschaftlicher Segler und Miteigner eines d\u00e4nischen Spitzgatters aus dem Jahr 1938<\/figcaption><\/figure>\n\n\n\n<p><strong>Nach Feierabend<\/strong><\/p>\n\n\n\n<p>In meiner Freizeit lese ich gerne. Politische Fachliteratur, vor allem aber auch Bertolt Brecht, Erich K\u00e4stner, Heinrich B\u00f6ll und Alfred Andersch. Aktuell fasziniert mich das<strong> Buch \u201eUnterleuten\u201c<\/strong> von Juli Zeh. Au\u00dferdem bin ich stolzer Miteigner des mehr als 80 Jahre alten d\u00e4nischen Spitzgatters \u201eLise\u201c. Mit ihr segele ich leidenschaftlich gern auf der Ostsee. Ideal, um sich bei all der politischen Arbeit den Kopf durchpusten zu lassen und die Gedanken in die richtige Richtung zu drehen.&nbsp;<\/p>\n\n\n\n<figure class=\"wp-block-image size-large is-resized\"><img loading=\"lazy\" src=\"http:\/\/thorstenberndt.de\/wordpress\/wp-content\/uploads\/2020\/05\/IMG_1741-800x600.jpg\" alt=\"\" class=\"wp-image-200\" width=\"308\" height=\"231\" srcset=\"https:\/\/thorstenberndt.de\/wordpress\/wp-content\/uploads\/2020\/05\/IMG_1741-800x600.jpg 800w, https:\/\/thorstenberndt.de\/wordpress\/wp-content\/uploads\/2020\/05\/IMG_1741-400x300.jpg 400w, https:\/\/thorstenberndt.de\/wordpress\/wp-content\/uploads\/2020\/05\/IMG_1741-768x576.jpg 768w, https:\/\/thorstenberndt.de\/wordpress\/wp-content\/uploads\/2020\/05\/IMG_1741-1536x1152.jpg 1536w, https:\/\/thorstenberndt.de\/wordpress\/wp-content\/uploads\/2020\/05\/IMG_1741-2048x1536.jpg 2048w, https:\/\/thorstenberndt.de\/wordpress\/wp-content\/uploads\/2020\/05\/IMG_1741-150x113.jpg 150w\" sizes=\"(max-width: 308px) 100vw, 308px\" \/><figcaption>Die \u00dcbergabe des Fraktionsvorsitzes an Bernd M\u00f6bius im Dezember 2017<\/figcaption><\/figure>\n\n\n\n<p><strong>Kontakt<\/strong><\/p>\n\n\n\n<p>Sie haben Fragen oder m\u00f6chten mich pers\u00f6nlich kennenlernen?&nbsp;<\/p>\n\n\n\n<p>Dann melden Sie sich bei mir. Rufen Sie mich an unter Tel. 0162 6514771. Oder schreiben Sie mir per WhatsApp oder per E-Mail an <a>info@thorstenberndt.de<\/a>.&nbsp;<\/p>\n\n\n\n<p>Ich freue mich auf ein pers\u00f6nliches Gespr\u00e4ch mit Ihnen!<\/p>\n\n\n\n<figure class=\"wp-block-image size-large is-resized\"><img loading=\"lazy\" src=\"http:\/\/thorstenberndt.de\/wordpress\/wp-content\/uploads\/2020\/05\/IMG_3920-800x600.jpg\" alt=\"\" class=\"wp-image-225\" width=\"350\" height=\"263\" srcset=\"https:\/\/thorstenberndt.de\/wordpress\/wp-content\/uploads\/2020\/05\/IMG_3920-800x600.jpg 800w, https:\/\/thorstenberndt.de\/wordpress\/wp-content\/uploads\/2020\/05\/IMG_3920-400x300.jpg 400w, https:\/\/thorstenberndt.de\/wordpress\/wp-content\/uploads\/2020\/05\/IMG_3920-768x576.jpg 768w, https:\/\/thorstenberndt.de\/wordpress\/wp-content\/uploads\/2020\/05\/IMG_3920-1536x1152.jpg 1536w, https:\/\/thorstenberndt.de\/wordpress\/wp-content\/uploads\/2020\/05\/IMG_3920-2048x1536.jpg 2048w, https:\/\/thorstenberndt.de\/wordpress\/wp-content\/uploads\/2020\/05\/IMG_3920-150x113.jpg 150w\" sizes=\"(max-width: 350px) 100vw, 350px\" \/><figcaption>Seit meiner Jugend interessiere ich mich f\u00fcr Umwelt und Natur. Dabei bin ich gerne als engagierter Hobby-Ornithologe unterwegs<\/figcaption><\/figure>\n\n\n\n<p><\/p>\n","protected":false},"excerpt":{"rendered":"<p>Uetersen: Meine Heimat. Stadt meines Herzens. Meine gro\u00dfe Liebe.&nbsp; Azubi &#8211; Zivi &#8211; Uni Seit meiner Kindheit lebe ich in Uetersen, habe hier meine Jugend- und Schulzeit verbracht. Auf das Abitur am Ludwig-Meyn-Gymnasium folgte meine Ausbildung zum Photographen in Barmstedt. Im Anschluss an meine Zivildienstzeit im Rathaus der Stadt Norderstedt habe ich in Hamburg Soziologie [&hellip;]<\/p>\n","protected":false},"author":2,"featured_media":0,"parent":0,"menu_order":0,"comment_status":"closed","ping_status":"closed","template":"","meta":[],"_links":{"self":[{"href":"https:\/\/thorstenberndt.de\/wordpress\/wp-json\/wp\/v2\/pages\/31"}],"collection":[{"href":"https:\/\/thorstenberndt.de\/wordpress\/wp-json\/wp\/v2\/pages"}],"about":[{"href":"https:\/\/thorstenberndt.de\/wordpress\/wp-json\/wp\/v2\/types\/page"}],"author":[{"embeddable":true,"href":"https:\/\/thorstenberndt.de\/wordpress\/wp-json\/wp\/v2\/users\/2"}],"replies":[{"embeddable":true,"href":"https:\/\/thorstenberndt.de\/wordpress\/wp-json\/wp\/v2\/comments?post=31"}],"version-history":[{"count":30,"href":"https:\/\/thorstenberndt.de\/wordpress\/wp-json\/wp\/v2\/pages\/31\/revisions"}],"predecessor-version":[{"id":606,"href":"https:\/\/thorstenberndt.de\/wordpress\/wp-json\/wp\/v2\/pages\/31\/revisions\/606"}],"wp:attachment":[{"href":"https:\/\/thorstenberndt.de\/wordpress\/wp-json\/wp\/v2\/media?parent=31"}],"curies":[{"name":"wp","href":"https:\/\/api.w.org\/{rel}","templated":true}]}}