{"id":384,"date":"2020-07-02T17:41:50","date_gmt":"2020-07-02T15:41:50","guid":{"rendered":"http:\/\/thorstenberndt.de\/wordpress\/?page_id=384"},"modified":"2020-10-15T18:48:36","modified_gmt":"2020-10-15T16:48:36","slug":"aktuelles","status":"publish","type":"page","link":"https:\/\/thorstenberndt.de\/wordpress\/aktuelles\/","title":{"rendered":"Aktuelles"},"content":{"rendered":"\n<h2>KLIMASCHUTZ JETZT! Im Gespr\u00e4ch mit dem Klimaaktivisten Jakob Blasel <\/h2>\n\n\n\n<figure class=\"wp-block-image size-large\"><img loading=\"lazy\" width=\"800\" height=\"420\" src=\"http:\/\/thorstenberndt.de\/wordpress\/wp-content\/uploads\/2020\/10\/20201015-Gruene-Thorsten-Berndt-facebook-sharepic-1200x630-klima-800x420.jpg\" alt=\"\" class=\"wp-image-684\" srcset=\"https:\/\/thorstenberndt.de\/wordpress\/wp-content\/uploads\/2020\/10\/20201015-Gruene-Thorsten-Berndt-facebook-sharepic-1200x630-klima-800x420.jpg 800w, https:\/\/thorstenberndt.de\/wordpress\/wp-content\/uploads\/2020\/10\/20201015-Gruene-Thorsten-Berndt-facebook-sharepic-1200x630-klima-400x210.jpg 400w, https:\/\/thorstenberndt.de\/wordpress\/wp-content\/uploads\/2020\/10\/20201015-Gruene-Thorsten-Berndt-facebook-sharepic-1200x630-klima-768x403.jpg 768w, https:\/\/thorstenberndt.de\/wordpress\/wp-content\/uploads\/2020\/10\/20201015-Gruene-Thorsten-Berndt-facebook-sharepic-1200x630-klima.jpg 1200w\" sizes=\"(max-width: 800px) 100vw, 800px\" \/><figcaption>23.10.2020 in der Stadthalle Uetersen, Berliner Str. 12<\/figcaption><\/figure>\n\n\n\n<p>Die <strong>Corona-Pandemie<\/strong> und der <strong>Klimawandel<\/strong> haben viel gemeinsam. Zum Beispiel: Beide betreffen die gesamte Weltbev\u00f6lkerung. Beide werden von Teilen der Bev\u00f6lkerung geleugnet. Der Unterschied: Gegen <strong>Corona<\/strong> haben wir hoffentlich bald einen <strong>Impfstoff<\/strong>. Gegen die <strong>Klimakrise<\/strong> wird es keinen geben. Wir m\u00fcssen selber handeln. Alle. Der Kieler Abiturient und <strong>Klimaaktivist Jakob Blasel<\/strong> spricht mit dem Uetersener B\u00fcrgermeisterkandidat Thorsten Berndt: \u00dcber die globalen Folgen des Klimawandels, warum es jetzt mehr als notwendig ist, auch <strong>vor Ort zu handeln<\/strong> und, was jede*r einzelne tun kann, um unseren Planeten so f\u00fcr die n\u00e4chsten <strong>Generationen<\/strong> zu erhalten, wie wir ihn kennen.\u00a0<\/p>\n\n\n\n<p>Um eine vorherige Anmeldung wird auf Grund der aktuellen Corona-Lage gebeten, es gilt die Einhaltung der Corona-Hygiene-Regeln.&nbsp;<\/p>\n\n\n\n<h2>Mein B\u00fcro<\/h2>\n\n\n\n<p>Sie k\u00f6nnen mich jetzt k\u00f6nnen mich von Montag bis Samstag in der Zeit von  10:00 &#8211; 15:00 Uhr in meinem <strong>B\u00fcro<\/strong> besuchen. Oder einen Termin f\u00fcr ein <strong>Gespr\u00e4ch<\/strong> vereinbaren. <\/p>\n\n\n\n<figure class=\"wp-block-image size-large is-resized\"><img loading=\"lazy\" src=\"http:\/\/thorstenberndt.de\/wordpress\/wp-content\/uploads\/2020\/08\/12CB7EB8-ED14-488D-8417-FEBC49C686A0-800x800.jpeg\" alt=\"\" class=\"wp-image-580\" width=\"305\" height=\"305\" srcset=\"https:\/\/thorstenberndt.de\/wordpress\/wp-content\/uploads\/2020\/08\/12CB7EB8-ED14-488D-8417-FEBC49C686A0-800x800.jpeg 800w, https:\/\/thorstenberndt.de\/wordpress\/wp-content\/uploads\/2020\/08\/12CB7EB8-ED14-488D-8417-FEBC49C686A0-400x400.jpeg 400w, https:\/\/thorstenberndt.de\/wordpress\/wp-content\/uploads\/2020\/08\/12CB7EB8-ED14-488D-8417-FEBC49C686A0-150x150.jpeg 150w, https:\/\/thorstenberndt.de\/wordpress\/wp-content\/uploads\/2020\/08\/12CB7EB8-ED14-488D-8417-FEBC49C686A0-768x768.jpeg 768w, https:\/\/thorstenberndt.de\/wordpress\/wp-content\/uploads\/2020\/08\/12CB7EB8-ED14-488D-8417-FEBC49C686A0-1536x1536.jpeg 1536w, https:\/\/thorstenberndt.de\/wordpress\/wp-content\/uploads\/2020\/08\/12CB7EB8-ED14-488D-8417-FEBC49C686A0-2048x2048.jpeg 2048w\" sizes=\"(max-width: 305px) 100vw, 305px\" \/><figcaption>Mein B\u00fcro finden Sie im Gro\u00dfen Sand 3 im <br>Pressehaus in Uetersen<\/figcaption><\/figure>\n\n\n\n<p>Ab dem 21. September treffen Sie mich dort von Montag bis Samstag von 10:00 &#8211; 15: Uhr<\/p>\n\n\n\n<h2>Haust\u00fcrgespr\u00e4che<\/h2>\n\n\n\n<div class=\"wp-block-media-text alignwide is-stacked-on-mobile\" style=\"grid-template-columns:30% auto\"><figure class=\"wp-block-media-text__media\"><video controls src=\"http:\/\/thorstenberndt.de\/wordpress\/wp-content\/uploads\/2020\/08\/haustuer.mp4\"><\/video><\/figure><div class=\"wp-block-media-text__content\">\n<p><\/p>\n<\/div><\/div>\n\n\n\n<p><\/p>\n\n\n\n<p>Ab dem 24.8. starte ich mit meinem Haust\u00fcrwahlkampf. Nat\u00fcrlich unter Ber\u00fccksichtigung der Hygiene-Regeln. Mein Konzept ist mit dem Gesundheitsamt des Kreis Pinneberg und dem Sozialministerium Schleswig-Holstein abgestimmt.<\/p>\n\n\n\n<h2><strong>INFOTISCHE &#8211; Thorsten Berndt im Dialog<\/strong><\/h2>\n\n\n\n<figure class=\"wp-block-image size-large is-resized\"><img loading=\"lazy\" src=\"http:\/\/thorstenberndt.de\/wordpress\/wp-content\/uploads\/2020\/07\/IMG_E7036-800x755.jpg\" alt=\"\" class=\"wp-image-430\" width=\"295\" height=\"278\" srcset=\"https:\/\/thorstenberndt.de\/wordpress\/wp-content\/uploads\/2020\/07\/IMG_E7036-800x755.jpg 800w, https:\/\/thorstenberndt.de\/wordpress\/wp-content\/uploads\/2020\/07\/IMG_E7036-400x378.jpg 400w, https:\/\/thorstenberndt.de\/wordpress\/wp-content\/uploads\/2020\/07\/IMG_E7036-768x725.jpg 768w, https:\/\/thorstenberndt.de\/wordpress\/wp-content\/uploads\/2020\/07\/IMG_E7036-1536x1450.jpg 1536w, https:\/\/thorstenberndt.de\/wordpress\/wp-content\/uploads\/2020\/07\/IMG_E7036-2048x1933.jpg 2048w\" sizes=\"(max-width: 295px) 100vw, 295px\" \/><\/figure>\n\n\n\n<div class=\"wp-block-media-text alignwide is-stacked-on-mobile\" style=\"grid-template-columns:34% auto\"><figure class=\"wp-block-media-text__media\"><video controls src=\"http:\/\/thorstenberndt.de\/wordpress\/wp-content\/uploads\/2020\/06\/IMG_7059.mp4\"><\/video><\/figure><div class=\"wp-block-media-text__content\">\n<p class=\"has-large-font-size\"><\/p>\n<\/div><\/div>\n\n\n\n<p>Ich freue mich auf das Gespr\u00e4ch mit Ihnen.<\/p>\n","protected":false},"excerpt":{"rendered":"<p>KLIMASCHUTZ JETZT! Im Gespr\u00e4ch mit dem Klimaaktivisten Jakob Blasel Die Corona-Pandemie und der Klimawandel haben viel gemeinsam. Zum Beispiel: Beide betreffen die gesamte Weltbev\u00f6lkerung. Beide werden von Teilen der Bev\u00f6lkerung geleugnet. Der Unterschied: Gegen Corona haben wir hoffentlich bald einen Impfstoff. Gegen die Klimakrise wird es keinen geben. Wir m\u00fcssen selber handeln. Alle. Der Kieler [&hellip;]<\/p>\n","protected":false},"author":2,"featured_media":0,"parent":0,"menu_order":0,"comment_status":"closed","ping_status":"closed","template":"","meta":[],"_links":{"self":[{"href":"https:\/\/thorstenberndt.de\/wordpress\/wp-json\/wp\/v2\/pages\/384"}],"collection":[{"href":"https:\/\/thorstenberndt.de\/wordpress\/wp-json\/wp\/v2\/pages"}],"about":[{"href":"https:\/\/thorstenberndt.de\/wordpress\/wp-json\/wp\/v2\/types\/page"}],"author":[{"embeddable":true,"href":"https:\/\/thorstenberndt.de\/wordpress\/wp-json\/wp\/v2\/users\/2"}],"replies":[{"embeddable":true,"href":"https:\/\/thorstenberndt.de\/wordpress\/wp-json\/wp\/v2\/comments?post=384"}],"version-history":[{"count":37,"href":"https:\/\/thorstenberndt.de\/wordpress\/wp-json\/wp\/v2\/pages\/384\/revisions"}],"predecessor-version":[{"id":685,"href":"https:\/\/thorstenberndt.de\/wordpress\/wp-json\/wp\/v2\/pages\/384\/revisions\/685"}],"wp:attachment":[{"href":"https:\/\/thorstenberndt.de\/wordpress\/wp-json\/wp\/v2\/media?parent=384"}],"curies":[{"name":"wp","href":"https:\/\/api.w.org\/{rel}","templated":true}]}}