{"id":44,"date":"2020-03-04T12:17:44","date_gmt":"2020-03-04T11:17:44","guid":{"rendered":"http:\/\/thorstenberndt.de\/wordpress\/?page_id=44"},"modified":"2020-08-17T15:13:46","modified_gmt":"2020-08-17T13:13:46","slug":"impressum","status":"publish","type":"page","link":"https:\/\/thorstenberndt.de\/wordpress\/impressum\/","title":{"rendered":"Impressum\/Datenschutz"},"content":{"rendered":"\n<p>Verantwortlich: Thorsten Berndt, Moltkestr. 49, 25436 Uetersen<\/p>\n\n\n\n<p>E-Mail: info@thorstenberndt.de<\/p>\n\n\n\n<p><strong>Datenschutzerkl\u00e4rung<\/strong><\/p>\n\n\n\n<p>Wir wissen, dass Sie dem Thema Datenschutz gro\u00dfe Bedeutung beimessen. Deshalb ist uns der Schutz Ihrer pers\u00f6nlichen Daten ein wichtiges Anliegen..<\/p>\n\n\n\n<p><strong>Pers\u00f6nliche Daten<br><\/strong>Pers\u00f6nliche Daten, die Sie uns elektronisch \u00fcbermitteln, z.B. Ihren Namen, Postanschrift, E-Mail-Adresse oder andere pers\u00f6nlichen Angaben, werden von uns nur zum jeweils angegebenen Zweck verwendet, sicher verwahrt und nicht an Dritte weitergegeben. Wir werden Ihnen nur Informationen zuschicken, sofern Sie sich f\u00fcr entsprechende Dienste angemeldet haben.<\/p>\n\n\n\n<p><strong>Recht auf Widerruf<br><\/strong>Sie haben jederzeit das Recht auf Widerruf; schicken Sie bitte eine Mail an uns. Ich werde Ihre Daten dann umgehend l\u00f6schen.<\/p>\n\n\n\n<p><strong>Links zu anderen Websites<br><\/strong>Sie finden auf unseren Seiten Links zu anderen Seiten im Internet. F\u00fcr alle diese Links und Banner gilt, dass ich keinerlei Einfluss auf die Gestaltung und die Inhalte der gelinkten Seiten haben. Deswegen \u00fcbernehmen wir auch keinerlei Verantwortung f\u00fcr Inhalt, Gestaltung und die Datenschutzbestimmungen dieser Seiten.<\/p>\n\n\n\n<p><strong>Verwendung von Cookies<br><\/strong>Es gibt eine Technik, genannt &#8222;Cookies&#8220;, mit deren Hilfe Informationen aus einer Website an Ihre Bed\u00fcrfnisse angepasst werden k\u00f6nnen. Ein Cookie ist ein Datenelement, das eine Website an Ihren Browser schicken kann, um es dort auf Ihrem System zu speichern.<\/p>\n\n\n\n<p>Gelegentlich nutzen auch wir tempor\u00e4re Cookies, damit wir Sie effektiver unterst\u00fctzen k\u00f6nnen, wenn Sie auf eine solche Website zur\u00fcckkommen oder um Formulare, vor Missbrauch und SPAM zu sch\u00fctzen. Sie haben jedoch die M\u00f6glichkeit, Ihren Browser so einzustellen, dass er Sie davon in Kenntnis setzt, wenn Sie ein Cookie erhalten. Dann k\u00f6nnen Sie selbst entscheiden, ob Sie das akzeptieren wollen oder nicht.<\/p>\n\n\n\n<p><em>Firefox (Windows):<\/em>&nbsp;-&gt;Extras -&gt;Einstellungen -&gt;Datenschutz -&gt;Chronik nach benutzerdefinierten Einstellungen anlegen<br>Firefox (Linux): Bearbeiten -&gt;Einstellungen -&gt;Datenschutz -&gt;Chronik nach benutzerdefinierten Einstellungen anlegen<\/p>\n\n\n\n<p><em>IE7+8:<\/em>\u00a0->Extras ->Internetoptionen ->Datenschutz ->Erweitert<\/p>\n\n\n\n<p>Wenn Sie meinen Wahlkampf finanziell unterst\u00fctzen wollen, dann k\u00f6nnen Sie mit dem Stichwort <strong>&#8222;B\u00fcrgermeisterwahl Uetersen&#8220;<\/strong> auf folgendes Konto spenden:<\/p>\n\n\n\n<p>B\u00dcNDNIS 90\/DIE GR\u00dcNEN <\/p>\n\n\n\n<p>SPARKASSE S\u00dcDHOLSTEIN <\/p>\n\n\n\n<p><strong>IBAN: DE51 2305 1030 0008 8248 15<\/strong> <\/p>\n\n\n\n<p>BIC: NOLADE21SHO<\/p>\n\n\n\n<p><\/p>\n","protected":false},"excerpt":{"rendered":"<p>Verantwortlich: Thorsten Berndt, Moltkestr. 49, 25436 Uetersen E-Mail: info@thorstenberndt.de Datenschutzerkl\u00e4rung Wir wissen, dass Sie dem Thema Datenschutz gro\u00dfe Bedeutung beimessen. Deshalb ist uns der Schutz Ihrer pers\u00f6nlichen Daten ein wichtiges Anliegen.. Pers\u00f6nliche DatenPers\u00f6nliche Daten, die Sie uns elektronisch \u00fcbermitteln, z.B. Ihren Namen, Postanschrift, E-Mail-Adresse oder andere pers\u00f6nlichen Angaben, werden von uns nur zum jeweils angegebenen [&hellip;]<\/p>\n","protected":false},"author":1,"featured_media":0,"parent":0,"menu_order":0,"comment_status":"closed","ping_status":"closed","template":"","meta":[],"_links":{"self":[{"href":"https:\/\/thorstenberndt.de\/wordpress\/wp-json\/wp\/v2\/pages\/44"}],"collection":[{"href":"https:\/\/thorstenberndt.de\/wordpress\/wp-json\/wp\/v2\/pages"}],"about":[{"href":"https:\/\/thorstenberndt.de\/wordpress\/wp-json\/wp\/v2\/types\/page"}],"author":[{"embeddable":true,"href":"https:\/\/thorstenberndt.de\/wordpress\/wp-json\/wp\/v2\/users\/1"}],"replies":[{"embeddable":true,"href":"https:\/\/thorstenberndt.de\/wordpress\/wp-json\/wp\/v2\/comments?post=44"}],"version-history":[{"count":6,"href":"https:\/\/thorstenberndt.de\/wordpress\/wp-json\/wp\/v2\/pages\/44\/revisions"}],"predecessor-version":[{"id":547,"href":"https:\/\/thorstenberndt.de\/wordpress\/wp-json\/wp\/v2\/pages\/44\/revisions\/547"}],"wp:attachment":[{"href":"https:\/\/thorstenberndt.de\/wordpress\/wp-json\/wp\/v2\/media?parent=44"}],"curies":[{"name":"wp","href":"https:\/\/api.w.org\/{rel}","templated":true}]}}