{"id":62,"date":"2020-03-04T19:04:59","date_gmt":"2020-03-04T18:04:59","guid":{"rendered":"http:\/\/thorstenberndt.de\/wordpress\/?page_id=62"},"modified":"2020-11-18T18:15:39","modified_gmt":"2020-11-18T17:15:39","slug":"herzlich-willkommen","status":"publish","type":"page","link":"https:\/\/thorstenberndt.de\/wordpress\/","title":{"rendered":"Herzlich Willkommen"},"content":{"rendered":"\n<p>Am 25.10.2020 fand der erste Wahlgang f\u00fcr die B\u00fcrgermeister*innenwahl in Uetersen statt. Ich habe  1.583 Stimmen (24,67 Prozent)  im ersten Wahlgang erhalten. Dies ist f\u00fcr mich und auch die Themen, f\u00fcr die ich stehe, ein tolles Ergebnis, aber es hat leider knapp nicht f\u00fcr die Stichwahl gereicht.<\/p>\n\n\n\n<p>Hier finden Sie die <a href=\"https:\/\/votemanager.kdo.de\/20201025\/01056049\/html5\/Buergermeisterwahl_SH_177_Gemeinde_Stadt_Uetersen.html\" data-type=\"URL\" data-id=\"https:\/\/votemanager.kdo.de\/20201025\/01056049\/html5\/Buergermeisterwahl_SH_177_Gemeinde_Stadt_Uetersen.html\">Wahlergebnisse<\/a> im Detail.<\/p>\n\n\n\n<figure class=\"wp-block-image size-large\"><img loading=\"lazy\" width=\"800\" height=\"420\" src=\"http:\/\/thorstenberndt.de\/wordpress\/wp-content\/uploads\/2020\/10\/40212FBF-BDF4-4E92-B994-E379EA402E2B-800x420.jpeg\" alt=\"\" class=\"wp-image-706\" srcset=\"https:\/\/thorstenberndt.de\/wordpress\/wp-content\/uploads\/2020\/10\/40212FBF-BDF4-4E92-B994-E379EA402E2B-800x420.jpeg 800w, https:\/\/thorstenberndt.de\/wordpress\/wp-content\/uploads\/2020\/10\/40212FBF-BDF4-4E92-B994-E379EA402E2B-400x210.jpeg 400w, https:\/\/thorstenberndt.de\/wordpress\/wp-content\/uploads\/2020\/10\/40212FBF-BDF4-4E92-B994-E379EA402E2B-768x403.jpeg 768w, https:\/\/thorstenberndt.de\/wordpress\/wp-content\/uploads\/2020\/10\/40212FBF-BDF4-4E92-B994-E379EA402E2B.jpeg 1200w\" sizes=\"(max-width: 800px) 100vw, 800px\" \/><figcaption>Danke f\u00fcr das tolle Ergebnis. Klimaschutz und Verkehrswende geh\u00f6ren jetzt auf die Agenda f\u00fcr die Stichwahl!<\/figcaption><\/figure>\n\n\n\n<figure class=\"wp-block-image size-large\"><img loading=\"lazy\" width=\"800\" height=\"482\" src=\"http:\/\/thorstenberndt.de\/wordpress\/wp-content\/uploads\/2020\/10\/collage-01-1-800x482.jpg\" alt=\"\" class=\"wp-image-703\" srcset=\"https:\/\/thorstenberndt.de\/wordpress\/wp-content\/uploads\/2020\/10\/collage-01-1-800x482.jpg 800w, https:\/\/thorstenberndt.de\/wordpress\/wp-content\/uploads\/2020\/10\/collage-01-1-400x241.jpg 400w, https:\/\/thorstenberndt.de\/wordpress\/wp-content\/uploads\/2020\/10\/collage-01-1-768x463.jpg 768w, https:\/\/thorstenberndt.de\/wordpress\/wp-content\/uploads\/2020\/10\/collage-01-1-1536x926.jpg 1536w, https:\/\/thorstenberndt.de\/wordpress\/wp-content\/uploads\/2020\/10\/collage-01-1-2048x1234.jpg 2048w\" sizes=\"(max-width: 800px) 100vw, 800px\" \/><figcaption>Ein paar Eindr\u00fccke von einem engagierten Wahlkampf<br>Danke f\u00fcr die tollen Gespr\u00e4che und Termine<\/figcaption><\/figure>\n\n\n\n<h2>Liebe B\u00fcrger*innen,<\/h2>\n\n\n\n<p>wie wollen wir in Uetersen leben? Heute. Morgen. In den kommenden Jahren. Und was brauchen wir daf\u00fcr?<\/p>\n\n\n\n<p><strong>Hier geht es direkt <\/strong><a href=\"http:\/\/thorstenberndt.de\/wordpress\/meine-ziele\/\"><strong>zu meinen Zielen.<\/strong><\/a><\/p>\n\n\n\n<p>Mehr bezahlbaren Wohnraum, mehr Kita-Pl\u00e4tze, mehr soziale Gerechtigkeit. Faire, vielf\u00e4ltige Bildungschancen und <strong>nachhaltige Mobilit\u00e4tskonzepte<\/strong>. Sicherheit f\u00fcr bereits vorhandene Arbeitspl\u00e4tze. Eine attraktive Stadt f\u00fcr <strong>Unternehmen<\/strong> und <strong>kreative Wirtschaft<\/strong>. Und Pl\u00e4tze zum Erholen und Durchatmen.&nbsp;<\/p>\n\n\n\n<figure class=\"wp-block-image size-large\"><img loading=\"lazy\" width=\"800\" height=\"930\" src=\"http:\/\/thorstenberndt.de\/wordpress\/wp-content\/uploads\/2020\/10\/20200921-Gruene-Thorsten-Berndt-Buergermeisterwahl-2020-stimmzettel-01-800x930.jpg\" alt=\"\" class=\"wp-image-676\" srcset=\"https:\/\/thorstenberndt.de\/wordpress\/wp-content\/uploads\/2020\/10\/20200921-Gruene-Thorsten-Berndt-Buergermeisterwahl-2020-stimmzettel-01-800x930.jpg 800w, https:\/\/thorstenberndt.de\/wordpress\/wp-content\/uploads\/2020\/10\/20200921-Gruene-Thorsten-Berndt-Buergermeisterwahl-2020-stimmzettel-01-400x465.jpg 400w, https:\/\/thorstenberndt.de\/wordpress\/wp-content\/uploads\/2020\/10\/20200921-Gruene-Thorsten-Berndt-Buergermeisterwahl-2020-stimmzettel-01-768x893.jpg 768w, https:\/\/thorstenberndt.de\/wordpress\/wp-content\/uploads\/2020\/10\/20200921-Gruene-Thorsten-Berndt-Buergermeisterwahl-2020-stimmzettel-01.jpg 1196w\" sizes=\"(max-width: 800px) 100vw, 800px\" \/><figcaption>Jetzt Briefwahl machen! Und die Nummer 1 w\u00e4hlen: Thorsten Berndt<\/figcaption><\/figure>\n\n\n\n<p>Die globalen Herausforderungen unserer Zeit stellen sich auch hier in unserer Stadt, von der Digitalisierung, dem <strong>Klimawandel<\/strong>, Flucht und Migration und bis hin zur notwendigen <strong>Energiewende<\/strong>.<\/p>\n\n\n\n<figure class=\"wp-block-image size-large\"><img loading=\"lazy\" width=\"800\" height=\"225\" src=\"http:\/\/thorstenberndt.de\/wordpress\/wp-content\/uploads\/2020\/08\/treffen-sie-mich-800x225.jpg\" alt=\"\" class=\"wp-image-593\" srcset=\"https:\/\/thorstenberndt.de\/wordpress\/wp-content\/uploads\/2020\/08\/treffen-sie-mich-800x225.jpg 800w, https:\/\/thorstenberndt.de\/wordpress\/wp-content\/uploads\/2020\/08\/treffen-sie-mich-400x112.jpg 400w, https:\/\/thorstenberndt.de\/wordpress\/wp-content\/uploads\/2020\/08\/treffen-sie-mich-768x216.jpg 768w, https:\/\/thorstenberndt.de\/wordpress\/wp-content\/uploads\/2020\/08\/treffen-sie-mich-1536x431.jpg 1536w, https:\/\/thorstenberndt.de\/wordpress\/wp-content\/uploads\/2020\/08\/treffen-sie-mich-2048x575.jpg 2048w\" sizes=\"(max-width: 800px) 100vw, 800px\" \/><figcaption><a href=\"http:\/\/thorstenberndt.de\/wordpress\/kontakt\/\">Hier geht es zu meinen Kontaktdaten<\/a><\/figcaption><\/figure>\n\n\n\n<p>F\u00fcr all diese Herausforderungen m\u00f6chte ich als Ihr B\u00fcrgermeister L\u00f6sungen finden. Gemeinsam und im st\u00e4ndigen Austausch mit Ihnen, den Uetersener B\u00fcrgerinnen und B\u00fcrgern, im <strong>Dialog<\/strong> mit allen Politikerinnen und Politikern der Ratsversammlung, der Verwaltung sowie den Vereinen und Interessenverb\u00e4nden.&nbsp;<\/p>\n\n\n\n<div class=\"wp-block-media-text alignwide is-stacked-on-mobile\"><figure class=\"wp-block-media-text__media\"><video controls src=\"http:\/\/thorstenberndt.de\/wordpress\/wp-content\/uploads\/2020\/10\/T.Berndt-presse_1.3gp\"><\/video><\/figure><div class=\"wp-block-media-text__content\">\n<p class=\"has-large-font-size\"><\/p>\n<\/div><\/div>\n\n\n\n<p>7 Minuten Bewerbung im Rahmen der \u00f6ffentlichen Vorstellung am 29.9.2020<\/p>\n\n\n\n<p>Ich habe viele Ideen und seit mehr als 30 Jahren Erfahrung in der Kommunal- und Landespolitik. Meine St\u00e4rke liegt aber vor allem darin, <strong>Menschen zuzuh\u00f6ren<\/strong> und \u00fcber Meinungsunterschiede hinweg zusammenzubringen. Ich lasse mich gern mit guten Argumenten \u00fcberzeugen und f\u00fcr eine Sache begeistern. Immer mit dem Ziel, die bestm\u00f6glichen <strong>L\u00f6sungen<\/strong> auszuloten und umzusetzen. <a href=\"http:\/\/thorstenberndt.de\/wordpress\/lebenslauf\/\" data-type=\"URL\" data-id=\"http:\/\/thorstenberndt.de\/wordpress\/lebenslauf\/\">Hier finden sie Informationen \u00fcber meinen pers\u00f6nlichen Werdegang.<\/a><\/p>\n\n\n\n<div class=\"wp-block-media-text alignwide is-stacked-on-mobile is-vertically-aligned-center\" style=\"grid-template-columns:15% auto\"><figure class=\"wp-block-media-text__media\"><video controls src=\"http:\/\/thorstenberndt.de\/wordpress\/wp-content\/uploads\/2020\/10\/robert.mov\"><\/video><\/figure><div class=\"wp-block-media-text__content\">\n<p class=\"has-large-font-size\"><\/p>\n<\/div><\/div>\n\n\n\n<p>Wahlaufruf <strong>Robert Habeck<\/strong>, Bundesvorsitzender B\u00dcNDNIS 90\/DIE GR\u00dcNEN<\/p>\n\n\n\n<p>So will ich als <strong>Ihr B\u00fcrgermeister <\/strong>unsere Stadt Uetersen in eine lebens- und liebenswerte <strong>Zukunft<\/strong> f\u00fchren.&nbsp;<\/p>\n\n\n\n<p>Sie wollen noch mehr \u00fcber mich, meinen Werdegang und meine Ideen und Pl\u00e4ne f\u00fcr Uetersen wissen? Dann werden Sie hier f\u00fcndig.&nbsp;<\/p>\n\n\n\n<p>Sie haben Fragen, wollen meinen Newsletter abonnieren oder mich pers\u00f6nlich kennenlernen? Dann schreiben Sie mir einfach eine E-Mail an info@thorstenberndt.de.&nbsp;<\/p>\n\n\n\n<p>Ich freue mich auf Sie!<\/p>\n\n\n\n<p>Ihr Thorsten Berndt<\/p>\n\n\n\n<figure class=\"wp-block-image size-large\"><img loading=\"lazy\" width=\"800\" height=\"420\" src=\"http:\/\/thorstenberndt.de\/wordpress\/wp-content\/uploads\/2020\/09\/20200918-Gruene-Thorsten-Berndt-facebook-sharepic-1200x630-briefwahl-800x420.jpg\" alt=\"\" class=\"wp-image-625\" srcset=\"https:\/\/thorstenberndt.de\/wordpress\/wp-content\/uploads\/2020\/09\/20200918-Gruene-Thorsten-Berndt-facebook-sharepic-1200x630-briefwahl-800x420.jpg 800w, https:\/\/thorstenberndt.de\/wordpress\/wp-content\/uploads\/2020\/09\/20200918-Gruene-Thorsten-Berndt-facebook-sharepic-1200x630-briefwahl-400x210.jpg 400w, https:\/\/thorstenberndt.de\/wordpress\/wp-content\/uploads\/2020\/09\/20200918-Gruene-Thorsten-Berndt-facebook-sharepic-1200x630-briefwahl-768x403.jpg 768w, https:\/\/thorstenberndt.de\/wordpress\/wp-content\/uploads\/2020\/09\/20200918-Gruene-Thorsten-Berndt-facebook-sharepic-1200x630-briefwahl.jpg 1200w\" sizes=\"(max-width: 800px) 100vw, 800px\" \/><figcaption>Jetzt Briefwahl machen: Die Nummer 1 w\u00e4hlen: Thorsten Berndt<\/figcaption><\/figure>\n","protected":false},"excerpt":{"rendered":"<p>Am 25.10.2020 fand der erste Wahlgang f\u00fcr die B\u00fcrgermeister*innenwahl in Uetersen statt. Ich habe 1.583 Stimmen (24,67 Prozent) im ersten Wahlgang erhalten. Dies ist f\u00fcr mich und auch die Themen, f\u00fcr die ich stehe, ein tolles Ergebnis, aber es hat leider knapp nicht f\u00fcr die Stichwahl gereicht. Hier finden Sie die Wahlergebnisse im Detail. Liebe [&hellip;]<\/p>\n","protected":false},"author":2,"featured_media":0,"parent":0,"menu_order":0,"comment_status":"closed","ping_status":"closed","template":"","meta":[],"_links":{"self":[{"href":"https:\/\/thorstenberndt.de\/wordpress\/wp-json\/wp\/v2\/pages\/62"}],"collection":[{"href":"https:\/\/thorstenberndt.de\/wordpress\/wp-json\/wp\/v2\/pages"}],"about":[{"href":"https:\/\/thorstenberndt.de\/wordpress\/wp-json\/wp\/v2\/types\/page"}],"author":[{"embeddable":true,"href":"https:\/\/thorstenberndt.de\/wordpress\/wp-json\/wp\/v2\/users\/2"}],"replies":[{"embeddable":true,"href":"https:\/\/thorstenberndt.de\/wordpress\/wp-json\/wp\/v2\/comments?post=62"}],"version-history":[{"count":48,"href":"https:\/\/thorstenberndt.de\/wordpress\/wp-json\/wp\/v2\/pages\/62\/revisions"}],"predecessor-version":[{"id":726,"href":"https:\/\/thorstenberndt.de\/wordpress\/wp-json\/wp\/v2\/pages\/62\/revisions\/726"}],"wp:attachment":[{"href":"https:\/\/thorstenberndt.de\/wordpress\/wp-json\/wp\/v2\/media?parent=62"}],"curies":[{"name":"wp","href":"https:\/\/api.w.org\/{rel}","templated":true}]}}