{"id":658,"date":"2020-10-13T14:52:28","date_gmt":"2020-10-13T12:52:28","guid":{"rendered":"http:\/\/thorstenberndt.de\/wordpress\/?page_id=658"},"modified":"2020-10-22T12:51:56","modified_gmt":"2020-10-22T10:51:56","slug":"__trashed","status":"publish","type":"page","link":"https:\/\/thorstenberndt.de\/wordpress\/__trashed\/","title":{"rendered":"Auf den Zahn gef\u00fchlt"},"content":{"rendered":"\n<p>Die <strong>Uetersener Nachrichten<\/strong> stellen den Bewerber*innen jeden Tag eine Frage zu verschiedenen Themen. Bis zum 22.10. werde ich hier parallel <strong>meine<\/strong> <strong>Antworten<\/strong> ver\u00f6ffentlichen. Die Antworten sind auf 600 Zeichen in der L\u00e4nge begrenzt und werden hier unver\u00e4ndert ver\u00f6ffentlicht.<\/p>\n\n\n\n<figure class=\"wp-block-image size-large\"><img loading=\"lazy\" width=\"720\" height=\"960\" src=\"http:\/\/thorstenberndt.de\/wordpress\/wp-content\/uploads\/2020\/10\/0E6F1672-B3CE-46D9-AD26-F1E0663A7EA1.jpeg\" alt=\"\" class=\"wp-image-659\" srcset=\"https:\/\/thorstenberndt.de\/wordpress\/wp-content\/uploads\/2020\/10\/0E6F1672-B3CE-46D9-AD26-F1E0663A7EA1.jpeg 720w, https:\/\/thorstenberndt.de\/wordpress\/wp-content\/uploads\/2020\/10\/0E6F1672-B3CE-46D9-AD26-F1E0663A7EA1-400x533.jpeg 400w\" sizes=\"(max-width: 720px) 100vw, 720px\" \/><figcaption>Am 12.10.2015 habe ich den Ehrenteller der Stadt Uetersen f\u00fcr meine 10-j\u00e4hrige T\u00e4tigkeit in der Ratsversammlung Uetersen bekommen. Ich kenne und liebe diese Stadt. <\/figcaption><\/figure>\n\n\n\n<p>1. Angenommen,&nbsp; Sie haben die B\u00fcrgermeisterwahl gewonnen: Wie sieht f\u00fcr Sie der <strong>erste Arbeitstag<\/strong> im Rathaus aus?<\/p>\n\n\n\n<p>Nach Dusche und Fr\u00fchst\u00fcck schwinge ich mich auf mein Fahrrad und radele zum Rathaus. Dort angekommen, mache ich einen Rundgang und begr\u00fc\u00dfe das gesamte Team. Die meisten Menschen dort <strong>kenne ich<\/strong> ja schon Dank meiner vielj\u00e4hrigen Aktivit\u00e4ten in der Kommunalpolitik. Zusammen mit dem Team werde ich dann einen Plan f\u00fcr die ersten <strong>100 Tage<\/strong> erarbeiten. Wen gilt es wann zu treffen, welche laufenden <strong>Projekte<\/strong> voranzutreiben. Da ich in der Zeit bis zum 1.4.2021 laufend an Aussch\u00fcssen und Ratsversammlungen teilnehmen werde, stehe ich bis dahin voll im Stoff.<\/p>\n\n\n\n<div class=\"wp-block-group\"><div class=\"wp-block-group__inner-container\"><\/div><\/div>\n\n\n\n<p>2. Uetersen im Jahre <strong>2030<\/strong>, inwieweit soll die Stadt sich bis dahin fortentwickelt haben?<\/p>\n\n\n\n<p>Uetersen ist 2030 noch gr\u00fcner, moderner, umweltfreundlicher, lebens- und liebenswerter. Wir haben einen gro\u00dfen Schritt hin zur Klima-Neutralit\u00e4t geschafft. Unter anderem mit Hilfe <strong>des erneuerten Windparks<\/strong> und der Installation von Solaranlagen, neuen Bl\u00fchstreifen und b\u00fcrgerlichen Eigeninitiativen in Sachen vielf\u00e4ltiger Garten. Die Rad- und Fu\u00dfwege sind holpperfrei. Der <strong>Stichhafen<\/strong> ist mittlerweile zum Hafenquartier aufgebl\u00fcht &#8211; mit Wohnraum, Caf\u00e9s und Freizeitangeboten. Der Pinnau-Wanderweg verbindet den Hafen mit dem Klosterviertel. Und vom neuen <strong>Bahnhof Uetersen<\/strong> kann man <strong>bis Hamburg <\/strong>fahren.<\/p>\n\n\n\n<p>&nbsp;<\/p>\n\n\n\n<figure class=\"wp-block-image size-large\"><img loading=\"lazy\" width=\"800\" height=\"533\" src=\"http:\/\/thorstenberndt.de\/wordpress\/wp-content\/uploads\/2020\/10\/2007-4-279-800x533.jpg\" alt=\"\" class=\"wp-image-673\" srcset=\"https:\/\/thorstenberndt.de\/wordpress\/wp-content\/uploads\/2020\/10\/2007-4-279-800x533.jpg 800w, https:\/\/thorstenberndt.de\/wordpress\/wp-content\/uploads\/2020\/10\/2007-4-279-400x267.jpg 400w, https:\/\/thorstenberndt.de\/wordpress\/wp-content\/uploads\/2020\/10\/2007-4-279-768x512.jpg 768w, https:\/\/thorstenberndt.de\/wordpress\/wp-content\/uploads\/2020\/10\/2007-4-279.jpg 1181w\" sizes=\"(max-width: 800px) 100vw, 800px\" \/><figcaption>Gemeinsam mit dem gr\u00fcnen Bundesvorsitzenden Robert Habeck zu Besuch bei der Freiwilligen Feuerwehr Uetersen. Das Ehrenamt ist das R\u00fcckgrat unserer Gesellschaft<\/figcaption><\/figure>\n\n\n\n<p>3. Uetersen kratzt derzeit munter an der 20000-Einwohner-Grenze. Ist f\u00fcr Sie diese magische Grenze erstrebenswert?<\/p>\n\n\n\n<p>Klar ist: Es darf kein planloses weiter so in Sachen <strong>Wachstum<\/strong> geben. Eine konkrete Grenze \u201ebis hier hin und nicht weiter\u201c zu definieren, macht aber auch keinen Sinn. Es gilt zuerst einmal den Bedarf zu decken und f\u00fcr die notwendige<strong> Infrastruktur<\/strong> zu sorgen: ausreichend Krippen- und KiTa-Pl\u00e4tze, Schulen, Freizeitangebote, \u00d6PNV &#8211; all das ist in den vergangenen Jahren nicht mit gewachsen, wie es die Menschen brauchen. Erst wenn wir hier einen Einklang erreicht haben, k\u00f6nnen wir uns mit dem Thema Zuwachs besch\u00e4ftigen. Das aber immer mit dem Focus auf die Vertr\u00e4glichkeit mit <strong>Natur <\/strong>und <strong>Umwelt.<\/strong>&nbsp;<\/p>\n\n\n\n<p>4. Die Bestellung der kommunalen Gleichstellungsbeauftragten ist notwendig, um die gesetzlichen Ziele umzusetzen und um den Interessen von Frauen in ihren Lebensbereichen Geltung zu verschaffen. So hei\u00dft es. Was sagen Sie? Wie wichtig ist Ihnen das Thema <strong>Gleichstellung<\/strong>?<\/p>\n\n\n\n<p>In Deutschland bekommen Frauen f\u00fcr gleiche Arbeit immer noch <strong>weniger Lohn<\/strong>. Und in den F\u00fchrungsetagen sind sie selten anzutreffen. Das ist ein unhaltbarer Zustand. Darum ist Gleichstellungspolitik <strong>absolut notwendig<\/strong>. Sie von oben, etwa durch Quotenregelungen zu verordnen, ist eine M\u00f6glichkeit, st\u00f6\u00dft aber auch auf Unverst\u00e4ndnis und Widerstand. Darum ist die Arbeit einer <strong>Gleichstellungsbeauftragten<\/strong> auf kommunaler Ebene besonders wichtig. Bei Veranstaltungen und im Kontakt mit den <strong>B\u00fcrgerinnen<\/strong> und <strong>B\u00fcrgern<\/strong> kann sie die Menschen f\u00fcr diese Ungerechtigkeit und <strong>L\u00f6sungsm\u00f6glichkeiten<\/strong> sensibilisieren.<\/p>\n\n\n\n<figure class=\"wp-block-image size-large\"><img loading=\"lazy\" width=\"800\" height=\"488\" src=\"http:\/\/thorstenberndt.de\/wordpress\/wp-content\/uploads\/2020\/10\/IMG_9558-800x488.jpg\" alt=\"\" class=\"wp-image-669\" srcset=\"https:\/\/thorstenberndt.de\/wordpress\/wp-content\/uploads\/2020\/10\/IMG_9558-800x488.jpg 800w, https:\/\/thorstenberndt.de\/wordpress\/wp-content\/uploads\/2020\/10\/IMG_9558-400x244.jpg 400w, https:\/\/thorstenberndt.de\/wordpress\/wp-content\/uploads\/2020\/10\/IMG_9558-768x468.jpg 768w, https:\/\/thorstenberndt.de\/wordpress\/wp-content\/uploads\/2020\/10\/IMG_9558-1536x936.jpg 1536w, https:\/\/thorstenberndt.de\/wordpress\/wp-content\/uploads\/2020\/10\/IMG_9558-2048x1248.jpg 2048w\" sizes=\"(max-width: 800px) 100vw, 800px\" \/><figcaption>Im Dialog mit dem Uetersener Stationsleiter Hans-Otto-Granz <\/figcaption><\/figure>\n\n\n\n<p>5. Was zeichnet einen <strong>guten B\u00fcrgermeister<\/strong> aus?&nbsp;<\/p>\n\n\n\n<p>Uetersen ist eine ganz besondere Stadt, das wissen alle, die hier l\u00e4nger gelebt haben. In unserer <strong>Rosenstadt<\/strong> haben die B\u00fcrgerinnen und B\u00fcrger ein au\u00dferordentlich gutes Gef\u00fchl daf\u00fcr, was schon sehr gut ist und auch daf\u00fcr, was noch verbessert werden muss. Das habe ich den vergangenen Jahrzehnten immer gesp\u00fcrt. Daher ist es die oberste Pflicht f\u00fcr mich als B\u00fcrgermeister, ein <strong>offenes Ohr<\/strong> f\u00fcr die B\u00fcrgerinnen und B\u00fcrger zu haben. Zum Amt geh\u00f6rt es auch leidenschaftlich zu sein, aber auch <strong>Geduld <\/strong>zu haben. Erfolge zeigen sich meist erst nach einigen Jahren, da braucht man einen langen Atem.<\/p>\n\n\n\n<p>6. Skizzieren Sie bitte kurz Ihre St\u00e4rken, die Sie bef\u00e4higen, das B\u00fcrgermeisteramt anzutreten.<\/p>\n\n\n\n<p>Ich bin mit vollem <strong>Herzen Uetersener<\/strong>. F\u00fcr alle Menschen, die hier leben, will ich eine gute Zukunft schaffen. Und ich habe eine klare Vorstellung davon, wie wir das gemeinsam erreichen k\u00f6nnen. Mit meiner langj\u00e4hrigen <strong>politischen Erfahrung<\/strong> und den zahlreichen Kontakten, die ich auch auf Landes- und Bundesebene habe, wei\u00df ich zum Beispiel genau, wie wir trotz klammer eigener Kassen mit der Unterst\u00fctzung von Land und Bund <strong>eigene Projekte<\/strong> stemmen k\u00f6nnen.&nbsp;<\/p>\n\n\n\n<p>7. Hand aufs <strong>Herz<\/strong>: Jeder hat Schw\u00e4chen. Was sind die Ihrigen?&nbsp;<\/p>\n\n\n\n<p>Manchmal f\u00e4llt es mir schwer, <strong>abzuschalten<\/strong>. Dinge, die mich politisch oder beruflich bewegen, nehme ich dann mit in den Feierabend oder auch ins Wochenende. Da gr\u00fcble ich intensiv dar\u00fcber, wie ich das Problem l\u00f6sen kann. Dann hilft mir <strong>Radfahren<\/strong> oder mit dem <strong>Segelboot ein paar Stunden<\/strong> raus aufs Wasser.<\/p>\n\n\n\n<figure class=\"wp-block-image size-large\"><img loading=\"lazy\" width=\"800\" height=\"533\" src=\"http:\/\/thorstenberndt.de\/wordpress\/wp-content\/uploads\/2020\/10\/hafen-02-800x533.jpg\" alt=\"\" class=\"wp-image-688\" srcset=\"https:\/\/thorstenberndt.de\/wordpress\/wp-content\/uploads\/2020\/10\/hafen-02-800x533.jpg 800w, https:\/\/thorstenberndt.de\/wordpress\/wp-content\/uploads\/2020\/10\/hafen-02-400x267.jpg 400w, https:\/\/thorstenberndt.de\/wordpress\/wp-content\/uploads\/2020\/10\/hafen-02-768x512.jpg 768w, https:\/\/thorstenberndt.de\/wordpress\/wp-content\/uploads\/2020\/10\/hafen-02-1536x1024.jpg 1536w, https:\/\/thorstenberndt.de\/wordpress\/wp-content\/uploads\/2020\/10\/hafen-02-2048x1365.jpg 2048w\" sizes=\"(max-width: 800px) 100vw, 800px\" \/><figcaption>Der Hafen hat Potential f\u00fcr ein neues modernes Quartier zum Leben und f\u00fcr Natur und Freizeit.<\/figcaption><\/figure>\n\n\n\n<p>8. Was werden Sie tun, um<strong> Uetersen <\/strong>als Standort f\u00fcr die <strong>Wirtschaft<\/strong> (noch) attraktiver zu machen?&nbsp;<\/p>\n\n\n\n<p>Eine funktionierende <strong>Wirtschaft<\/strong> ist Grundlage daf\u00fcr, dass Uetersen lebenswert ist. Damit das so bleibt m\u00fcssen die Rahmenbedingungen stimmen. Ich will gemeinsam genutzte B\u00fcro- und Gewerber\u00e4ume, in Neu-Deutsch gerne <strong>Co-Working-Spaces<\/strong> genannt, etablieren. Die lie\u00dfen sich in ehemaligen Industriekomplexen einrichten. Wichtiges Pfund von Uetersen ist aber das <strong>attraktive Arbeitsumfeld<\/strong>. Orte zum Durchatmen und Verweilen bieten Menschen auch einen Raum zum Leben. Wichtig ist nat\u00fcrlich auch eine <strong>eng getaktete \u00d6PNV-Anbindung<\/strong> in die umliegenden Gemeinden und Richtung Hamburg.<\/p>\n\n\n\n<p>9. Corona ist alles andere als sch\u00f6n. Auch nicht f\u00fcr die Wirtschaft und somit auch nicht f\u00fcr die Haushaltslage der Stadt. Steuereinbr\u00fcche in Millionenh\u00f6he drohen. Wie bringen Sie die Stadt wieder in die Spur zur\u00fcck? Wie ist Uetersen Ihrer Ansicht nach derzeit finanziell aufgestellt?<\/p>\n\n\n\n<p>Die Stadt Uetersen ist einer der gr\u00f6\u00dften Arbeitgeber in der Stadt und Dank ihrer Investitionen ein Motor f\u00fcr die Wirtschaft. Ich werde mich daf\u00fcr einsetzen, dass wir mehr F\u00f6rdermittel vom Land, Bund und der EU in die Stadt holen und damit die lokale Wirtschaft st\u00e4rken. In dieser Situation gilt es mit Augenma\u00df neue Schulden zu machen. Das darf aber nur eine \u00dcbergangsl\u00f6sung sein, um dann nach einer Erholung weiter Schulden zu tilgen. Es ist noch mehr Druck beim Land n\u00f6tig, damit wir die notwendigen Gelder bekommen um die gemeindlichen Aufgaben zu erf\u00fcllen und die Stra\u00dfenausbaubeitr\u00e4ge weiter zu senken.&nbsp;<\/p>\n\n\n\n<p>10. Radfahren wird immer popul\u00e4rer. Was muss getan werden, um Uetersen auch f\u00fcr die Zweiradfahrer attraktiver&nbsp;werden zu lassen?<\/p>\n\n\n\n<p>Es reicht nicht, ein paar Radwege zu sanieren. Fahrradstra\u00dfen, Schutzstreifen und noch mehr und bessere Fahrradstellpl\u00e4tze sind n\u00f6tig. Wir brauchen aber vor allem einen anderen Blick auf die Stadt- und Infrastrukturplanung. Dazu geh\u00f6rt ein Verkehrskonzept, das den Focus darauf legt, wie sich alle Formen der Mobilit\u00e4t (Auto, Bus, Bahn, Fahrrad, zu Fu\u00df gehen) vernetzen lassen, damit es leichter f\u00e4llt, auch mal auf das Auto zu verzichten. Und es braucht eine Bahnanbindung nach Hamburg, damit wir die Pendlerstr\u00f6me mit dem Auto durch ein attraktives \u00d6PNV-Angebot reduzieren.&nbsp;<\/p>\n\n\n\n<p>11. Der Leerstand in der Fu\u00dfg\u00e4ngerzone ist ein Dauerthema. Und mit ihm verbunden eine sinkende Attraktivit\u00e4t in der City. Was werden Sie als B\u00fcrgermeister tun, um diesem Trend zu begegnen? Wie sehen diesbez\u00fcglich Ihre Strategien aus?<\/p>\n\n\n\n<p>Vor Ort einkaufen und die lokalen H\u00e4ndler unterst\u00fctzen &#8211; diese Entscheidung will ich mit Hilfe einer Kampagne wie #supportyourlokal st\u00e4rken. Der Weg zur Fair-Trade-Stadt ist ein erster guter Schritt. Wir brauchen auch eine Entscheidung zur Zukunft der Parkpalette. Dazu will ich einen Dialog mit allen Beteiligten organisieren. Am Ende soll ein st\u00e4dtebaulicher Wettbewerb stehen, in dem die besten Ideen zur Abstimmung in die Ratsversammlung getragen werden. Und eine attraktive Volkshochschule und B\u00fccherei in der Innenstadt k\u00f6nnen die City beleben.<\/p>\n\n\n\n<p>12. Wenn Sie sich Uetersen einmal aus der Vogelperspektive vorstellen \u2212 was fehlt f\u00fcr Sie in der Rosenstadt? Und wo kann es entstehen?<\/p>\n\n\n\n<p>Ein lebendiges Quartier rund um den Hafen als Freizeit-Treffpunkt f\u00fcr alle Altersgruppen. Mit Caf\u00e9s und Gesch\u00e4ften, modernen Wohnformen wie Hausbooten und Tiny Houses, die auf wenigen Quadratmetern ein ganzes Haus bieten. Mit Skaterpark, Pl\u00e4tzen f\u00fcr Boule, Minigolf, Bolzen, Live-Events und einer Hundewiese. Dazu geh\u00f6rt auch die Anbindung zu FuZo und Rosarium und ein Wanderweg entlang der Pinnauwiesen ins Klosterviertel. Auf dem Gel\u00e4nde McGregor\/Hatlapa gibt es einen attraktiven Gewerbepark mit modernen Arbeitspl\u00e4tzen und am Ostbahnhof gibt es einen neuen Bahnhof, der uns an Hamburg anbindet.<\/p>\n","protected":false},"excerpt":{"rendered":"<p>Die Uetersener Nachrichten stellen den Bewerber*innen jeden Tag eine Frage zu verschiedenen Themen. Bis zum 22.10. werde ich hier parallel meine Antworten ver\u00f6ffentlichen. Die Antworten sind auf 600 Zeichen in der L\u00e4nge begrenzt und werden hier unver\u00e4ndert ver\u00f6ffentlicht. 1. Angenommen,&nbsp; Sie haben die B\u00fcrgermeisterwahl gewonnen: Wie sieht f\u00fcr Sie der erste Arbeitstag im Rathaus aus? [&hellip;]<\/p>\n","protected":false},"author":2,"featured_media":0,"parent":0,"menu_order":0,"comment_status":"closed","ping_status":"closed","template":"","meta":[],"_links":{"self":[{"href":"https:\/\/thorstenberndt.de\/wordpress\/wp-json\/wp\/v2\/pages\/658"}],"collection":[{"href":"https:\/\/thorstenberndt.de\/wordpress\/wp-json\/wp\/v2\/pages"}],"about":[{"href":"https:\/\/thorstenberndt.de\/wordpress\/wp-json\/wp\/v2\/types\/page"}],"author":[{"embeddable":true,"href":"https:\/\/thorstenberndt.de\/wordpress\/wp-json\/wp\/v2\/users\/2"}],"replies":[{"embeddable":true,"href":"https:\/\/thorstenberndt.de\/wordpress\/wp-json\/wp\/v2\/comments?post=658"}],"version-history":[{"count":14,"href":"https:\/\/thorstenberndt.de\/wordpress\/wp-json\/wp\/v2\/pages\/658\/revisions"}],"predecessor-version":[{"id":695,"href":"https:\/\/thorstenberndt.de\/wordpress\/wp-json\/wp\/v2\/pages\/658\/revisions\/695"}],"wp:attachment":[{"href":"https:\/\/thorstenberndt.de\/wordpress\/wp-json\/wp\/v2\/media?parent=658"}],"curies":[{"name":"wp","href":"https:\/\/api.w.org\/{rel}","templated":true}]}}